{"id":2,"date":"2011-06-18T21:55:05","date_gmt":"2011-06-18T21:55:05","guid":{"rendered":"http:\/\/hyperbate.fr\/voir\/?page_id=2"},"modified":"2026-01-21T10:11:59","modified_gmt":"2026-01-21T10:11:59","slug":"page-d-exemple","status":"publish","type":"page","link":"https:\/\/hyperbate.fr\/voir\/page-d-exemple\/","title":{"rendered":"Pourquoi ce blog ?"},"content":{"rendered":"\n<p>Ce blog est d\u00e9di\u00e9 \u00e0 l&rsquo;\u00e9tude et \u00e0 la compr\u00e9hension des ph\u00e9nom\u00e8nes de perception, notamment visuelle. Le sujet me pr\u00e9occupe depuis plus de vingt-cinq ans, c&rsquo;est \u00e0 dire depuis le d\u00e9but de mes \u00e9tudes de retouche photographique, et depuis ma fr\u00e9quentation, cinq ans plus tard, des cours de <a href=\"https:\/\/hyperbate.fr\/voir\/2011\/11\/20\/morphologie\/\" target=\"_blank\" rel=\"noopener\">Jean-Fran\u00e7ois Debord<\/a>, Philippe Comar et de Fran\u00e7ois Fontaine \u00e0 l&rsquo;\u00c9cole des Beaux-Arts de Paris.&nbsp;Gr\u00e2ce \u00e0 eux, et notamment \u00e0 Jean-Fran\u00e7ois Debord, j&rsquo;ai compris que les artistes avaient parfois identifi\u00e9, des si\u00e8cles avant les scientifiques, des d\u00e9tails anatomiques ou des ph\u00e9nom\u00e8nes optiques. Mon int\u00e9r\u00eat pour le sujet s&rsquo;est poursuivi par les lectures de Roger Shepard, Richard Dawkins, ou encore par les cours t\u00e9l\u00e9vis\u00e9s de Ren\u00e9 Zayan. D&rsquo;autres professeurs m&rsquo;ont appris \u00e0 voir, \u00e0 regarder, voire m\u00eame parfois \u00e0 \u00eatre attentif, je pense notamment \u00e0 Scott Maclay, Kiril Rijik, Jean-Louis Boissier, Xavier Luccioni, Claude Cussinet, \u00c9lisabeth Buffoli et J\u00fcrg Kreienb\u00fchl, ainsi qu&rsquo;\u00e0&nbsp;mes professeurs au lyc\u00e9e professionnel Quinault, dont je ne connais pas les pr\u00e9noms et que je dois me contenter d&rsquo;appeler messieurs Ronceray et Cany et mesdames Cornier et Barthomeuf.<\/p>\n","protected":false},"excerpt":{"rendered":"<p>Ce blog est d\u00e9di\u00e9 \u00e0 l&rsquo;\u00e9tude et \u00e0 la compr\u00e9hension des ph\u00e9nom\u00e8nes de perception, notamment visuelle. Le sujet me pr\u00e9occupe depuis plus de vingt-cinq ans, c&rsquo;est \u00e0 dire depuis le d\u00e9but de mes \u00e9tudes de retouche photographique, et depuis ma &hellip; <a href=\"https:\/\/hyperbate.fr\/voir\/page-d-exemple\/\">Continuer la lecture <span class=\"meta-nav\">&rarr;<\/span><\/a><\/p>\n","protected":false},"author":1,"featured_media":0,"parent":0,"menu_order":0,"comment_status":"open","ping_status":"open","template":"","meta":{"footnotes":""},"class_list":["post-2","page","type-page","status-publish","hentry"],"_links":{"self":[{"href":"https:\/\/hyperbate.fr\/voir\/wp-json\/wp\/v2\/pages\/2","targetHints":{"allow":["GET"]}}],"collection":[{"href":"https:\/\/hyperbate.fr\/voir\/wp-json\/wp\/v2\/pages"}],"about":[{"href":"https:\/\/hyperbate.fr\/voir\/wp-json\/wp\/v2\/types\/page"}],"author":[{"embeddable":true,"href":"https:\/\/hyperbate.fr\/voir\/wp-json\/wp\/v2\/users\/1"}],"replies":[{"embeddable":true,"href":"https:\/\/hyperbate.fr\/voir\/wp-json\/wp\/v2\/comments?post=2"}],"version-history":[{"count":1,"href":"https:\/\/hyperbate.fr\/voir\/wp-json\/wp\/v2\/pages\/2\/revisions"}],"predecessor-version":[{"id":815,"href":"https:\/\/hyperbate.fr\/voir\/wp-json\/wp\/v2\/pages\/2\/revisions\/815"}],"wp:attachment":[{"href":"https:\/\/hyperbate.fr\/voir\/wp-json\/wp\/v2\/media?parent=2"}],"curies":[{"name":"wp","href":"https:\/\/api.w.org\/{rel}","templated":true}]}}