{"id":113,"date":"2011-11-07T01:21:09","date_gmt":"2011-11-07T01:21:09","guid":{"rendered":"http:\/\/hyperbate.fr\/voir\/?page_id=113"},"modified":"2011-11-20T00:58:28","modified_gmt":"2011-11-20T00:58:28","slug":"lectures","status":"publish","type":"page","link":"https:\/\/hyperbate.fr\/voir\/lectures\/","title":{"rendered":"Lectures"},"content":{"rendered":"<p>Quelques ouvrages qui me semble int\u00e9ressants sur le sujet de la perception humaine, de la psychologie, de l&rsquo;\u00e9thologie :<\/p>\n<p>Dessin et peinture<\/p>\n<ul>\n<li><em><a href=\"http:\/\/www.amazon.fr\/gp\/product\/2754801820\/ref=as_li_qf_sp_asin_tl?ie=UTF8&amp;tag=lederniblog-21&amp;linkCode=as2&amp;camp=1642&amp;creative=6746&amp;creativeASIN=2754801820\" target=\"_blank\">Petit trait\u00e9 de Morphologie<\/a><\/em>, par Agn\u00e8s Maupr\u00e9. Tentative d&rsquo;\u00e9voquer les cours de <a href=\"https:\/\/hyperbate.fr\/voir\/2011\/11\/20\/morphologie\/\" target=\"_blank\">Jean-Fran\u00e7ois Debord<\/a> aux Beaux-Arts de Paris, par l&rsquo;auteur de la s\u00e9rie <em><a href=\"http:\/\/www.amazon.fr\/gp\/product\/2359101102\/ref=as_li_qf_sp_asin_tl?ie=UTF8&amp;tag=lederniblog-21&amp;linkCode=as2&amp;camp=1642&amp;creative=6746&amp;creativeASIN=2359101102\" target=\"_blank\">Milady de Winter<\/a><\/em>\u00a0et avec la participation de Joann Sfar.<\/li>\n<li><em><a href=\"http:\/\/www.amazon.fr\/gp\/product\/2070531856\/ref=as_li_qf_sp_asin_tl?ie=UTF8&amp;tag=amazonendofworld-21&amp;linkCode=as2&amp;camp=1642&amp;creative=6746&amp;creativeASIN=2070531856\" target=\"_blank\">La perspective en jeu<\/a><\/em>, par Philippe Comar. Plus qu&rsquo;un simple ouvrage sur la perspective optique, ce modeste ouvrage de la collection Gallimard\/D\u00e9couvertes constitue un v\u00e9ritable trait\u00e9 de la repr\u00e9sentation par l&rsquo;image.<\/li>\n<li><em><a href=\"http:\/\/www.amazon.fr\/gp\/product\/2707300918\/ref=as_li_qf_sp_asin_tl?ie=UTF8&amp;tag=lederniblog-21&amp;linkCode=as2&amp;camp=1642&amp;creative=6746&amp;creativeASIN=2707300918\" target=\"_blank\">La perspective comme forme symbolique<\/a><\/em>, par Erwin Panofsky. La naissance d&rsquo;une nouvelle mani\u00e8re de repr\u00e9senter le monde co\u00efncide avec une nouvelle fa\u00e7on de concevoir l&rsquo;individu, l&rsquo;espace, la soci\u00e9t\u00e9,&#8230;<\/li>\n<li><em><a href=\"http:\/\/www.amazon.fr\/gp\/product\/2047202019\/ref=as_li_qf_sp_asin_tl?ie=UTF8&amp;tag=lederniblog-21&amp;linkCode=as2&amp;camp=1642&amp;creative=6746&amp;creativeASIN=2047202019\">L&rsquo;art de la couleur<\/a><\/em>, par Johannes Itten<img decoding=\"async\" style=\"border: none !important; margin: 0px !important;\" src=\"http:\/\/www.assoc-amazon.fr\/e\/ir?t=lederniblog-21&amp;l=as2&amp;o=8&amp;a=2047202019\" alt=\"\" width=\"1\" height=\"1\" border=\"0\" \/>. Itten \u00e9tait peintre et professeur au Bahaus de Weimar, o\u00f9 il a fait entrer son compatriote Paul Klee. Du pur point de vue de la th\u00e9orie de la couleur, ce livre n&rsquo;apporte sans doute pas grand chose aux travaux de l&rsquo;abb\u00e9 Chevreul ni m\u00eame de Goethe, mais l&rsquo;int\u00e9r\u00eat de l&rsquo;auteur pour l&rsquo;\u00e9sot\u00e9risme zoroastrien,\u00a0\u00e9tonnamment\u00a0alli\u00e9 \u00e0 une certaine rigueur, l&rsquo;a amen\u00e9 \u00e0 se pencher sur l&rsquo;impact des couleurs, d&rsquo;une mani\u00e8re qui reste plut\u00f4t convaincante aujourd&rsquo;hui et qui me semble (je vais me faire taper dessus) avoir plut\u00f4t moins mal vieilli que les textes de Vassily Kandinsky, coll\u00e8gue d&rsquo;Itten \u00e0 Weimar.<\/li>\n<li><em><a href=\"http:\/\/www.amazon.fr\/gp\/product\/2754103163\/ref=as_li_qf_sp_asin_tl?ie=UTF8&amp;tag=lederniblog-21&amp;linkCode=as2&amp;camp=1642&amp;creative=6746&amp;creativeASIN=2754103163\" target=\"_blank\">L&rsquo;interaction des couleurs<\/a><\/em>, par Josef Albers, \u00e9tudiant d&rsquo;Itten au Bahaus<\/li>\n<li><em><a href=\"http:\/\/www.amazon.fr\/gp\/product\/2756009695\/ref=as_li_qf_sp_asin_tl?ie=UTF8&amp;tag=lederniblog-21&amp;linkCode=as2&amp;camp=1642&amp;creative=6746&amp;creativeASIN=2756009695\" target=\"_blank\">L&rsquo;art invisible<\/a><\/em>, par Scott McCloud. Trait\u00e9 de bande dessin\u00e9e en bande dessin\u00e9e, qui traite de mani\u00e8re convaincante du pouvoir de la narration sur support visuel.<\/li>\n<\/ul>\n<div>Psychologie, biologie, \u00e9thologie<\/div>\n<ul>\n<li><em><a href=\"http:\/\/www.amazon.fr\/gp\/product\/2020471744\/ref=as_li_qf_sp_asin_tl?ie=UTF8&amp;tag=lederniblog-21&amp;linkCode=as2&amp;camp=1642&amp;creative=6746&amp;creativeASIN=2020471744\">L&rsquo;oeil qui pense<\/a><\/em><img decoding=\"async\" style=\"border: none !important; margin: 0px !important;\" src=\"http:\/\/www.assoc-amazon.fr\/e\/ir?t=lederniblog-21&amp;l=as2&amp;o=8&amp;a=2020471744\" alt=\"\" width=\"1\" height=\"1\" border=\"0\" \/>, par Roger Shepard. Ouvrage classique dans son domaine, ce livre utilise les illusions d&rsquo;optique pour montrer la part tr\u00e8s importante de l&rsquo;interpr\u00e9tation dans la perception humaine.<\/li>\n<li><em><a href=\"http:\/\/www.amazon.fr\/gp\/product\/2100512099\/ref=as_li_qf_sp_asin_tl?ie=UTF8&amp;tag=lederniblog-21&amp;linkCode=as2&amp;camp=1642&amp;creative=6746&amp;creativeASIN=2100512099\">150 petites exp\u00e9riences de psychologie des m\u00e9dias<\/a><\/em>, par S\u00e9bastien Bohler<img decoding=\"async\" style=\"border: none !important; margin: 0px !important;\" src=\"http:\/\/www.assoc-amazon.fr\/e\/ir?t=lederniblog-21&amp;l=as2&amp;o=8&amp;a=2100512099\" alt=\"\" width=\"1\" height=\"1\" border=\"0\" \/>. Petit trait\u00e9 de psychologie sociale adapt\u00e9 aux m\u00e9dias, cet ouvrage passe en revue des exp\u00e9riences qui montrent comment les m\u00e9dias peuvent manipuler leurs spectateurs.<\/li>\n<li><em><a href=\"http:\/\/www.amazon.fr\/gp\/product\/2253133361\/ref=as_li_qf_sp_asin_tl?ie=UTF8&amp;tag=amazonendofworld-21&amp;linkCode=as2&amp;camp=1642&amp;creative=6746&amp;creativeASIN=2253133361\" target=\"_blank\">Les secrets du cerveau f\u00e9minin<\/a><\/em>, par Louann Brizendine. Le titre fran\u00e7ais est un peu\u00a0racoleur\u00a0mais il ne faut pas s&rsquo;y arr\u00eater. En anglais, le livre se nomme <em>Female Brain<\/em>. Il fait le point sur le rapport entre hormones et psychologie, notamment.<\/li>\n<li><em><a href=\"http:\/\/www.amazon.fr\/gp\/product\/2738112439\/ref=as_li_qf_sp_asin_tl?ie=UTF8&amp;tag=lederniblog-21&amp;linkCode=as2&amp;camp=1642&amp;creative=6746&amp;creativeASIN=2738112439\" target=\"_blank\">Le g\u00e8ne \u00e9go\u00efste<\/a><\/em>, par Richard Dawkins. Trait\u00e9 de g\u00e9n\u00e9tique qui propose une vision originale de sa discipline et invente un autre \u00ab\u00a0r\u00e9plicateur\u00a0\u00bb que le g\u00e8ne, le \u00ab\u00a0m\u00e8me\u00a0\u00bb, qui op\u00e8re dans le monde des id\u00e9es.<\/li>\n<\/ul>\n","protected":false},"excerpt":{"rendered":"<p>Quelques ouvrages qui me semble int\u00e9ressants sur le sujet de la perception humaine, de la psychologie, de l&rsquo;\u00e9thologie : Dessin et peinture Petit trait\u00e9 de Morphologie, par Agn\u00e8s Maupr\u00e9. Tentative d&rsquo;\u00e9voquer les cours de Jean-Fran\u00e7ois Debord aux Beaux-Arts de Paris, &hellip; <a href=\"https:\/\/hyperbate.fr\/voir\/lectures\/\">Continuer la lecture <span class=\"meta-nav\">&rarr;<\/span><\/a><\/p>\n","protected":false},"author":1,"featured_media":0,"parent":0,"menu_order":0,"comment_status":"open","ping_status":"open","template":"","meta":{"footnotes":""},"class_list":["post-113","page","type-page","status-publish","hentry"],"_links":{"self":[{"href":"https:\/\/hyperbate.fr\/voir\/wp-json\/wp\/v2\/pages\/113","targetHints":{"allow":["GET"]}}],"collection":[{"href":"https:\/\/hyperbate.fr\/voir\/wp-json\/wp\/v2\/pages"}],"about":[{"href":"https:\/\/hyperbate.fr\/voir\/wp-json\/wp\/v2\/types\/page"}],"author":[{"embeddable":true,"href":"https:\/\/hyperbate.fr\/voir\/wp-json\/wp\/v2\/users\/1"}],"replies":[{"embeddable":true,"href":"https:\/\/hyperbate.fr\/voir\/wp-json\/wp\/v2\/comments?post=113"}],"version-history":[{"count":0,"href":"https:\/\/hyperbate.fr\/voir\/wp-json\/wp\/v2\/pages\/113\/revisions"}],"wp:attachment":[{"href":"https:\/\/hyperbate.fr\/voir\/wp-json\/wp\/v2\/media?parent=113"}],"curies":[{"name":"wp","href":"https:\/\/api.w.org\/{rel}","templated":true}]}}