{"id":71,"date":"2015-12-25T12:33:48","date_gmt":"2015-12-25T11:33:48","guid":{"rendered":"http:\/\/hyperbate.fr\/soutenir\/?page_id=71"},"modified":"2015-12-30T01:27:08","modified_gmt":"2015-12-30T00:27:08","slug":"editeurs-amis","status":"publish","type":"page","link":"https:\/\/hyperbate.fr\/soutenir\/editeurs-amis\/","title":{"rendered":"\u00e9diteurs amis"},"content":{"rendered":"<p>Ces \u00e9diteurs sont de petites structures que nous soutenons \u00e0 la fois pour leurs productions de qualit\u00e9, et par amiti\u00e9. Quand vous cherchez un beau cadeau \u00e0 faire, pensez \u00e0 eux !<\/p>\n<ul>\n<li><a href=\"http:\/\/www.zones-sensibles.org\/\" target=\"_blank\">Zones sensibles<\/a>, excellent \u00e9diteur sp\u00e9cialis\u00e9 dans les sciences humaines.<\/li>\n<li><a href=\"http:\/\/www.premierparallele.fr\/\" target=\"_blank\">Premier Parall\u00e8le<\/a>, tout jeune et n\u00e9anmoins tr\u00e8s dynamique \u00e9diteur dans le registre \u00ab\u00a0nonfiction\u00a0\u00bb.<\/li>\n<li><a href=\"http:\/\/www.pastis.org\/6piedssousterre\/\" target=\"_blank\">Six pieds sous terre<\/a>, \u00e9diteur de bande dessin\u00e9e appartenant \u00e0 la vague \u00ab\u00a0ind\u00e9\u00a0\u00bb des ann\u00e9es 1990.<\/li>\n<li><a href=\"http:\/\/www.franciscopolis.com\/\" target=\"_blank\">Franciscopolis<\/a>, \u00e9diteur sp\u00e9cialis\u00e9 dans l&rsquo;art, le graphisme et la philosophie, fond\u00e9 par Yann Owens et Jean-Michel G\u00e9ridan.<\/li>\n<li><a href=\"http:\/\/www.cornelius.fr\/\" target=\"_blank\">Corn\u00e9lius<\/a>, sans doute l&rsquo;\u00e9diteur\u00a0de bande dessin\u00e9e le plus soigneux.<\/li>\n<li><a href=\"http:\/\/www.5c.be\/\" target=\"_blank\">La cinqui\u00e8me couche<\/a>, maison d&rsquo;\u00e9dition ind\u00e9pendante belge.<\/li>\n<li><a href=\"http:\/\/www.superfourbi.net\/\">Superfourbi g\u00e9ant<\/a>, collectif d&rsquo;illustrateurs qui produisent des livres \u00e0 jouer, d\u00e9couper, colorier, transformer.<\/li>\n<li><a href=\"http:\/\/www.supernovaeditions.com\/\" target=\"_blank\">Supernova<\/a>, jeune \u00e9diteur : science-fiction, essais, art contemporain<\/li>\n<li><a href=\"http:\/\/www.papiergache.net\/\" target=\"_blank\">Papier g\u00e2ch\u00e9<\/a>, micro-\u00e9diteur de graphzines<\/li>\n<li><a href=\"http:\/\/www.volumique.com\/\" target=\"_blank\">Volumique<\/a>, \u00e9diteur de livres et de jeux explorant l&rsquo;hybridation d&rsquo;\u00e9l\u00e9ments tangibles et d&rsquo;\u00e9l\u00e9ments\u00a0num\u00e9rique.<\/li>\n<\/ul>\n","protected":false},"excerpt":{"rendered":"<p>Ces \u00e9diteurs sont de petites structures que nous soutenons \u00e0 la fois pour leurs productions de qualit\u00e9, et par amiti\u00e9. Quand vous cherchez un beau cadeau \u00e0 faire, pensez \u00e0 eux ! Zones sensibles, excellent \u00e9diteur sp\u00e9cialis\u00e9 dans les sciences &hellip; <a href=\"https:\/\/hyperbate.fr\/soutenir\/editeurs-amis\/\">Continuer la lecture <span class=\"meta-nav\">&rarr;<\/span><\/a><\/p>\n","protected":false},"author":1,"featured_media":0,"parent":0,"menu_order":0,"comment_status":"closed","ping_status":"closed","template":"","meta":{"footnotes":""},"class_list":["post-71","page","type-page","status-publish","hentry"],"_links":{"self":[{"href":"https:\/\/hyperbate.fr\/soutenir\/wp-json\/wp\/v2\/pages\/71","targetHints":{"allow":["GET"]}}],"collection":[{"href":"https:\/\/hyperbate.fr\/soutenir\/wp-json\/wp\/v2\/pages"}],"about":[{"href":"https:\/\/hyperbate.fr\/soutenir\/wp-json\/wp\/v2\/types\/page"}],"author":[{"embeddable":true,"href":"https:\/\/hyperbate.fr\/soutenir\/wp-json\/wp\/v2\/users\/1"}],"replies":[{"embeddable":true,"href":"https:\/\/hyperbate.fr\/soutenir\/wp-json\/wp\/v2\/comments?post=71"}],"version-history":[{"count":3,"href":"https:\/\/hyperbate.fr\/soutenir\/wp-json\/wp\/v2\/pages\/71\/revisions"}],"predecessor-version":[{"id":131,"href":"https:\/\/hyperbate.fr\/soutenir\/wp-json\/wp\/v2\/pages\/71\/revisions\/131"}],"wp:attachment":[{"href":"https:\/\/hyperbate.fr\/soutenir\/wp-json\/wp\/v2\/media?parent=71"}],"curies":[{"name":"wp","href":"https:\/\/api.w.org\/{rel}","templated":true}]}}