{"id":2,"date":"2015-12-22T20:03:49","date_gmt":"2015-12-22T19:03:49","guid":{"rendered":"http:\/\/hyperbate.fr\/soutien\/?page_id=2"},"modified":"2015-12-23T01:26:42","modified_gmt":"2015-12-23T00:26:42","slug":"page-d-exemple","status":"publish","type":"page","link":"https:\/\/hyperbate.fr\/soutenir\/page-d-exemple\/","title":{"rendered":"Pourquoi ce blog ?"},"content":{"rendered":"<p>Il existe des milliers des beaux projets qui m\u00e9ritent d\u2019\u00eatre soutenus, et autant de bonnes personnes, amies ou inconnues, qui le m\u00e9ritent aussi. Petits \u00e9diteurs, artistes, auteurs de crowdfundings,\u2026\u00a0En\u00a0les aidant, on am\u00e9liore le monde.<br \/>\nPeut-\u00eatre.<br \/>\nPeut-\u00eatre aussi que c&rsquo;est un peu na\u00eff.<br \/>\nPeu importe.<\/p>\n","protected":false},"excerpt":{"rendered":"<p>Il existe des milliers des beaux projets qui m\u00e9ritent d\u2019\u00eatre soutenus, et autant de bonnes personnes, amies ou inconnues, qui le m\u00e9ritent aussi. Petits \u00e9diteurs, artistes, auteurs de crowdfundings,\u2026\u00a0En\u00a0les aidant, on am\u00e9liore le monde. Peut-\u00eatre. Peut-\u00eatre aussi que c&rsquo;est un &hellip; <a href=\"https:\/\/hyperbate.fr\/soutenir\/page-d-exemple\/\">Continuer la lecture <span class=\"meta-nav\">&rarr;<\/span><\/a><\/p>\n","protected":false},"author":1,"featured_media":0,"parent":0,"menu_order":0,"comment_status":"closed","ping_status":"open","template":"","meta":{"footnotes":""},"class_list":["post-2","page","type-page","status-publish","hentry"],"_links":{"self":[{"href":"https:\/\/hyperbate.fr\/soutenir\/wp-json\/wp\/v2\/pages\/2","targetHints":{"allow":["GET"]}}],"collection":[{"href":"https:\/\/hyperbate.fr\/soutenir\/wp-json\/wp\/v2\/pages"}],"about":[{"href":"https:\/\/hyperbate.fr\/soutenir\/wp-json\/wp\/v2\/types\/page"}],"author":[{"embeddable":true,"href":"https:\/\/hyperbate.fr\/soutenir\/wp-json\/wp\/v2\/users\/1"}],"replies":[{"embeddable":true,"href":"https:\/\/hyperbate.fr\/soutenir\/wp-json\/wp\/v2\/comments?post=2"}],"version-history":[{"count":2,"href":"https:\/\/hyperbate.fr\/soutenir\/wp-json\/wp\/v2\/pages\/2\/revisions"}],"predecessor-version":[{"id":15,"href":"https:\/\/hyperbate.fr\/soutenir\/wp-json\/wp\/v2\/pages\/2\/revisions\/15"}],"wp:attachment":[{"href":"https:\/\/hyperbate.fr\/soutenir\/wp-json\/wp\/v2\/media?parent=2"}],"curies":[{"name":"wp","href":"https:\/\/api.w.org\/{rel}","templated":true}]}}