{"id":560,"date":"2015-05-02T10:39:04","date_gmt":"2015-05-02T09:39:04","guid":{"rendered":"http:\/\/hyperbate.fr\/revoyure\/?page_id=560"},"modified":"2016-11-14T22:57:42","modified_gmt":"2016-11-14T21:57:42","slug":"liens","status":"publish","type":"page","link":"https:\/\/hyperbate.fr\/revoyure\/liens\/","title":{"rendered":"Liens"},"content":{"rendered":"<ul>\n<li><a href=\"http:\/\/www.andea.fr\/\">L&rsquo;association nationale des \u00e9coles d&rsquo;art<\/a> (ANd\u00c9A)<\/li>\n<li><a href=\"https:\/\/soundcloud.com\/victor-hamonic\/sets\/etudiants-en-coles-dart\" target=\"_blank\">Interviews d&rsquo;\u00e9tudiant-e-s en \u00e9cole d&rsquo;art<\/a>, par Victor Harmonic<\/li>\n<li><a href=\"https:\/\/www.youtube.com\/watch?v=SQ94iILTrcA\" target=\"_blank\">Pourquoi \u00eates-vous \u00e9tudiant.e.s en art ?<\/a>, une vid\u00e9o de Jean-\u00c9lie Delacour<\/li>\n<\/ul>\n","protected":false},"excerpt":{"rendered":"<p>L&rsquo;association nationale des \u00e9coles d&rsquo;art (ANd\u00c9A) Interviews d&rsquo;\u00e9tudiant-e-s en \u00e9cole d&rsquo;art, par Victor Harmonic Pourquoi \u00eates-vous \u00e9tudiant.e.s en art ?, une vid\u00e9o de Jean-\u00c9lie Delacour<\/p>\n","protected":false},"author":1,"featured_media":0,"parent":0,"menu_order":0,"comment_status":"open","ping_status":"open","template":"","meta":{"footnotes":""},"class_list":["post-560","page","type-page","status-publish","hentry"],"_links":{"self":[{"href":"https:\/\/hyperbate.fr\/revoyure\/wp-json\/wp\/v2\/pages\/560","targetHints":{"allow":["GET"]}}],"collection":[{"href":"https:\/\/hyperbate.fr\/revoyure\/wp-json\/wp\/v2\/pages"}],"about":[{"href":"https:\/\/hyperbate.fr\/revoyure\/wp-json\/wp\/v2\/types\/page"}],"author":[{"embeddable":true,"href":"https:\/\/hyperbate.fr\/revoyure\/wp-json\/wp\/v2\/users\/1"}],"replies":[{"embeddable":true,"href":"https:\/\/hyperbate.fr\/revoyure\/wp-json\/wp\/v2\/comments?post=560"}],"version-history":[{"count":3,"href":"https:\/\/hyperbate.fr\/revoyure\/wp-json\/wp\/v2\/pages\/560\/revisions"}],"predecessor-version":[{"id":670,"href":"https:\/\/hyperbate.fr\/revoyure\/wp-json\/wp\/v2\/pages\/560\/revisions\/670"}],"wp:attachment":[{"href":"https:\/\/hyperbate.fr\/revoyure\/wp-json\/wp\/v2\/media?parent=560"}],"curies":[{"name":"wp","href":"https:\/\/api.w.org\/{rel}","templated":true}]}}