{"id":496,"date":"2014-12-11T12:03:32","date_gmt":"2014-12-11T11:03:32","guid":{"rendered":"http:\/\/hyperbate.fr\/revoyure\/?page_id=496"},"modified":"2025-03-15T17:13:45","modified_gmt":"2025-03-15T16:13:45","slug":"a-quoi-sert-un-etudiant-en-art","status":"publish","type":"page","link":"https:\/\/hyperbate.fr\/revoyure\/a-quoi-sert-un-etudiant-en-art\/","title":{"rendered":"\u00c0 quoi sert un \u00e9tudiant en art\u202f?"},"content":{"rendered":"<p>Il y a deux ans, en prenant pour pr\u00e9texte une conversation sur Twitter, j&rsquo;ai \u00e9crit un article intitul\u00e9 <em><a href=\"https:\/\/hyperbate.fr\/dernier\/?p=21363\" target=\"_blank\">\u00c0 quoi sert un \u00e9tudiant en arts plastiques ?<\/a><\/em>. Cet article a eu un certain succ\u00e8s et a notamment \u00e9t\u00e9 repris par <em><a href=\"http:\/\/issuu.com\/lettredesecoles\/docs\/lettre_008\/31\" target=\"_blank\">La lettre des \u00e9coles sup\u00e9rieures d&rsquo;art<\/a><\/em>.<\/p>\n<p><a href=\"https:\/\/hyperbate.fr\/revoyure\/files\/2014\/12\/tedx_montpellier.jpg\"><img decoding=\"async\" class=\"aligncenter size-full wp-image-571\" src=\"https:\/\/hyperbate.fr\/revoyure\/files\/2014\/12\/tedx_montpellier.jpg\" alt=\"tedx_montpellier\" width=\"1100\" height=\"450\" srcset=\"https:\/\/hyperbate.fr\/revoyure\/files\/2014\/12\/tedx_montpellier.jpg 1100w, https:\/\/hyperbate.fr\/revoyure\/files\/2014\/12\/tedx_montpellier-300x123.jpg 300w, https:\/\/hyperbate.fr\/revoyure\/files\/2014\/12\/tedx_montpellier-1024x419.jpg 1024w, https:\/\/hyperbate.fr\/revoyure\/files\/2014\/12\/tedx_montpellier-500x205.jpg 500w\" sizes=\"(max-width: 1100px) 100vw, 1100px\" \/><\/a><\/p>\n<p>Lorsque les organisateurs de <a href=\"tedxmontpellier.com\/\" target=\"_blank\">TEDx Montpellier<\/a> m&rsquo;ont propos\u00e9 de venir faire <a href=\"tedxmontpellier.com\/talk\/jean-noel-lafargue\/\" target=\"_blank\">une conf\u00e9rence sur le th\u00e8me de mon choix<\/a>, j&rsquo;ai eu envie de reprendre ce sujet, en y ajoutant des observations autobiographiques et en \u00e9voquant l&rsquo;exp\u00e9rience du pr\u00e9sent blog, <em>Comme on se retrouve<\/em>.<br \/>\nVoil\u00e0 ce que cela donne :<\/p>\n<p><iframe src=\"\/\/www.youtube.com\/embed\/c0FGzHt08Y4\" width=\"500\" height=\"281\" frameborder=\"0\" allowfullscreen=\"allowfullscreen\"><\/iframe><\/p>\n","protected":false},"excerpt":{"rendered":"<p>Il y a deux ans, en prenant pour pr\u00e9texte une conversation sur Twitter, j&rsquo;ai \u00e9crit un article intitul\u00e9 \u00c0 quoi sert un \u00e9tudiant en arts plastiques ?. Cet article a eu un certain succ\u00e8s et a notamment \u00e9t\u00e9 repris par La lettre des \u00e9coles sup\u00e9rieures d&rsquo;art. Lorsque les organisateurs de TEDx Montpellier m&rsquo;ont propos\u00e9 de &hellip; <a href=\"https:\/\/hyperbate.fr\/revoyure\/a-quoi-sert-un-etudiant-en-art\/\" class=\"more-link\">Continuer la lecture de <span class=\"screen-reader-text\">\u00c0 quoi sert un \u00e9tudiant en art\u202f?<\/span><\/a><\/p>\n","protected":false},"author":1,"featured_media":0,"parent":0,"menu_order":0,"comment_status":"open","ping_status":"open","template":"","meta":{"footnotes":""},"class_list":["post-496","page","type-page","status-publish","hentry"],"_links":{"self":[{"href":"https:\/\/hyperbate.fr\/revoyure\/wp-json\/wp\/v2\/pages\/496","targetHints":{"allow":["GET"]}}],"collection":[{"href":"https:\/\/hyperbate.fr\/revoyure\/wp-json\/wp\/v2\/pages"}],"about":[{"href":"https:\/\/hyperbate.fr\/revoyure\/wp-json\/wp\/v2\/types\/page"}],"author":[{"embeddable":true,"href":"https:\/\/hyperbate.fr\/revoyure\/wp-json\/wp\/v2\/users\/1"}],"replies":[{"embeddable":true,"href":"https:\/\/hyperbate.fr\/revoyure\/wp-json\/wp\/v2\/comments?post=496"}],"version-history":[{"count":3,"href":"https:\/\/hyperbate.fr\/revoyure\/wp-json\/wp\/v2\/pages\/496\/revisions"}],"predecessor-version":[{"id":941,"href":"https:\/\/hyperbate.fr\/revoyure\/wp-json\/wp\/v2\/pages\/496\/revisions\/941"}],"wp:attachment":[{"href":"https:\/\/hyperbate.fr\/revoyure\/wp-json\/wp\/v2\/media?parent=496"}],"curies":[{"name":"wp","href":"https:\/\/api.w.org\/{rel}","templated":true}]}}