{"id":683,"date":"2025-01-26T10:29:28","date_gmt":"2025-01-26T09:29:28","guid":{"rendered":"https:\/\/hyperbate.fr\/numerique\/?page_id=683"},"modified":"2025-02-16T18:08:34","modified_gmt":"2025-02-16T17:08:34","slug":"notions","status":"publish","type":"page","link":"https:\/\/hyperbate.fr\/numerique\/notions\/","title":{"rendered":"Lexique (\u00e0 compl\u00e9ter)"},"content":{"rendered":"\n<p><strong>Delve<\/strong> Mot anglais assez rare signifiant \u00ab\u00a0creuser\u00a0\u00bb, qui a vu son nombre d\u2019occurrences exploser sous l&rsquo;influence de chatGPT.<\/p>\n\n\n\n<p><strong>Effet diligence<\/strong>&nbsp;Quand une nouveaut\u00e9 n&rsquo;est pas encore devenue une innovation et se contente d&rsquo;imiter des formes ou des pratiques pr\u00e9existantes. Le mot vient des premi\u00e8res voitures de trains qui avaient la forme de diligences.<\/p>\n\n\n\n<p><strong>Skeumorphisme<\/strong> \u00c9l\u00e9ment de design dont la forme est une survivance de la pratique dont h\u00e9rite l&rsquo;objet. Par exemple les luminaires \u00e9lectriques en forme de chandeliers, ou l&rsquo;icone pour \u00ab\u00a0enregistrer\u00a0\u00bb qui a la forme d&rsquo;une disquette.<\/p>\n","protected":false},"excerpt":{"rendered":"<p>Delve Mot anglais assez rare signifiant \u00ab\u00a0creuser\u00a0\u00bb, qui a vu son nombre d\u2019occurrences exploser sous l&rsquo;influence de chatGPT. Effet diligence&nbsp;Quand une nouveaut\u00e9 n&rsquo;est pas encore devenue une innovation et se contente d&rsquo;imiter des formes ou des pratiques pr\u00e9existantes. Le mot vient des premi\u00e8res voitures de trains qui avaient la forme de diligences. Skeumorphisme \u00c9l\u00e9ment de &hellip; <a href=\"https:\/\/hyperbate.fr\/numerique\/notions\/\" class=\"more-link\">Continuer la lecture de <span class=\"screen-reader-text\">Lexique (\u00e0 compl\u00e9ter)<\/span><\/a><\/p>\n","protected":false},"author":1,"featured_media":0,"parent":0,"menu_order":0,"comment_status":"closed","ping_status":"closed","template":"","meta":{"footnotes":""},"class_list":["post-683","page","type-page","status-publish","hentry"],"_links":{"self":[{"href":"https:\/\/hyperbate.fr\/numerique\/wp-json\/wp\/v2\/pages\/683","targetHints":{"allow":["GET"]}}],"collection":[{"href":"https:\/\/hyperbate.fr\/numerique\/wp-json\/wp\/v2\/pages"}],"about":[{"href":"https:\/\/hyperbate.fr\/numerique\/wp-json\/wp\/v2\/types\/page"}],"author":[{"embeddable":true,"href":"https:\/\/hyperbate.fr\/numerique\/wp-json\/wp\/v2\/users\/1"}],"replies":[{"embeddable":true,"href":"https:\/\/hyperbate.fr\/numerique\/wp-json\/wp\/v2\/comments?post=683"}],"version-history":[{"count":3,"href":"https:\/\/hyperbate.fr\/numerique\/wp-json\/wp\/v2\/pages\/683\/revisions"}],"predecessor-version":[{"id":801,"href":"https:\/\/hyperbate.fr\/numerique\/wp-json\/wp\/v2\/pages\/683\/revisions\/801"}],"wp:attachment":[{"href":"https:\/\/hyperbate.fr\/numerique\/wp-json\/wp\/v2\/media?parent=683"}],"curies":[{"name":"wp","href":"https:\/\/api.w.org\/{rel}","templated":true}]}}