{"id":890,"date":"2024-10-18T17:41:48","date_gmt":"2024-10-18T15:41:48","guid":{"rendered":"https:\/\/hyperbate.fr\/legendefamiliale\/?page_id=890"},"modified":"2025-06-22T21:15:32","modified_gmt":"2025-06-22T19:15:32","slug":"femmes-fortes","status":"publish","type":"page","link":"https:\/\/hyperbate.fr\/legendefamiliale\/ancetres-remarquables\/femmes-fortes\/","title":{"rendered":"Femmes fortes"},"content":{"rendered":"\n<p>Dans mon arbre g\u00e9n\u00e9alogique on trouve un certain nombre de femmes au fort caract\u00e8re. Certaines sont admirables, quelques unes ont moins bonne r\u00e9putation, et ce n&rsquo;est pas forc\u00e9ment par la m\u00e9disance des chroniqueurs&#8230;<br>Je raconte leurs histoires ici, dans l&rsquo;ordre chronologique.<\/p>\n\n\n<div class=\"wp-block-image\">\n<figure class=\"alignright size-full is-resized\"><img decoding=\"async\" width=\"324\" height=\"301\" src=\"https:\/\/hyperbate.fr\/legendefamiliale\/files\/2024\/10\/image.png\" alt=\"\" class=\"wp-image-924\" style=\"width:229px\" srcset=\"https:\/\/hyperbate.fr\/legendefamiliale\/files\/2024\/10\/image.png 324w, https:\/\/hyperbate.fr\/legendefamiliale\/files\/2024\/10\/image-300x279.png 300w\" sizes=\"(max-width: 324px) 100vw, 324px\" \/><\/figure>\n<\/div>\n\n\n<p><strong><a href=\"https:\/\/gw.geneanet.org\/jnlafargue_w?lang=fr&amp;p=brunehaut&amp;n=wisigoths\" data-type=\"link\" data-id=\"https:\/\/gw.geneanet.org\/jnlafargue_w?lang=fr&amp;p=brunehaut&amp;n=wisigoths\" target=\"_blank\" rel=\"noreferrer noopener\">Brunehaut<\/a><\/strong> (~547-613). Princesse Wisigoth, elle \u00e9pouse le roi Franc Siegebert, fils de Clotaire. Siegelbert sera assassin\u00e9 par son demi-fr\u00e8re, Chilp\u00e9ric, dont la concubine puis seconde \u00e9pouse Fr\u00e9d\u00e9gonde sera une rivale acharn\u00e9e de Bruneuaut. En secondes noces, Brunehaut \u00e9pouse un fils de Chilp\u00e9ric, M\u00e9rov\u00e9e, lequel sera puni par son p\u00e8re \u00e0 entrer dans les ordres, avant d&rsquo;\u00eatre assassin\u00e9. Le fils de Brunehaut, Childebert II, sera \u00e0 huit ans roi d&rsquo;Austrasie et de Burgondie, qui seront dans les faits gouvern\u00e9s par sa m\u00e8re, que l&rsquo;on pr\u00e9sente souvent comme la premi\u00e8re reine de France \u2014 ce qui est un peu anachronique, la France n&rsquo;existant pas \u00e0 l&rsquo;\u00e9poque.<br>Apr\u00e8s des ann\u00e9es d&rsquo;intrigues, d&#8217;empoisonnements, de meurtres (les M\u00e9rovingiens, faisant face \u00e0 des probl\u00e8mes de succession, se sont r\u00e9guli\u00e8rement entre-tu\u00e9s), Brunehaut verra une partie de sa descendance tu\u00e9e par Clotaire II, le fils de Fr\u00e9d\u00e9gonde. Enfin, Clotaire fera torturer Brunehaut, l&rsquo;accusant d&rsquo;avoir tu\u00e9 dix rois francs. D\u00e9pouill\u00e9e de ses habits royaux, Brunehaut est longuement tortur\u00e9e. Elle a alors soixante-trois ans mais survit \u00e0 ce traitement. En sang, elle est promen\u00e9e nue, tir\u00e9e par un chameau. Enfin, on attache ses cheveux et un de ses pieds \u00e0 la queue d&rsquo;un cheval indompt\u00e9. \u00c9cartel\u00e9e par les ruades de l&rsquo;animal, elle meurt et ses restes sont br\u00fbl\u00e9s. Selon mon arbre g\u00e9n\u00e9alogique, je descends de Brunehaut <a href=\"https:\/\/gw.geneanet.org\/jnlafargue_w?ei=9057&amp;em=R&amp;et=M&amp;image=on&amp;m=NG&amp;select=0&amp;t=N\" data-type=\"link\" data-id=\"https:\/\/gw.geneanet.org\/jnlafargue_w?ei=9057&amp;em=R&amp;et=M&amp;image=on&amp;m=NG&amp;select=0&amp;t=N\" target=\"_blank\" rel=\"noreferrer noopener\">par 192\u202f364 branches<\/a> (comme beaucoup de gens, je pense)<\/p>\n\n\n\n<p><strong><a href=\"https:\/\/gw.geneanet.org\/jnlafargue_w?lang=fr&amp;p=emma&amp;n=de+blois\" data-type=\"link\" data-id=\"https:\/\/gw.geneanet.org\/jnlafargue_w?lang=fr&amp;p=emma&amp;n=de+blois\" target=\"_blank\" rel=\"noreferrer noopener\">Emma de Blois<\/a><\/strong> (~950-~1005). \u00c9pouse de <a href=\"https:\/\/gw.geneanet.org\/jnlafargue_w?lang=fr&amp;p=guillaume+iv&amp;n=d+aquitaine\" data-type=\"link\" data-id=\"https:\/\/gw.geneanet.org\/jnlafargue_w?lang=fr&amp;pz=hannah+marit&amp;nz=lafargue&amp;p=guillaume+iv&amp;n=d+aquitaine\" target=\"_blank\" rel=\"noreferrer noopener\">Guillaume IV d&rsquo;Aquitaine<\/a>, fondatrice de l&rsquo;abbaye de Bourgueuil, elle est connue pour un fait-divers sordide&nbsp;: f\u00e2ch\u00e9e de la liaison de son \u00e9poux avec <a href=\"https:\/\/gw.geneanet.org\/jnlafargue_w?lang=fr&amp;pz=hannah+marit&amp;nz=lafargue&amp;m=P&amp;v=aldearde\">Ald\u00e9arde<\/a>&nbsp;<a href=\"https:\/\/gw.geneanet.org\/jnlafargue_w?lang=fr&amp;m=N&amp;v=d+aulnay\" target=\"_blank\" rel=\"noreferrer noopener\">d&rsquo;Aulnay<\/a> (~940-993), vicomtesse de Thouars, elle a fait rudoyer et violer cette derni\u00e8re par ses gens, avant d&rsquo;aller se r\u00e9fugier dans le ch\u00e2teau de Chinon o\u00f9 elle a attendu que le courroux de son \u00e9poux s&rsquo;apaise. Je suis cens\u00e9 \u00eatre un descendant de celle qu&rsquo;on a surnomm\u00e9e \u00ab\u00a0la comtesse diabolique\u00a0\u00bb par <a href=\"https:\/\/gw.geneanet.org\/jnlafargue_w?ei=1433&amp;em=R&amp;et=M&amp;image=on&amp;m=NG&amp;select=0&amp;t=N\" target=\"_blank\" rel=\"noreferrer noopener\">22\u202f887 branches<\/a>, et de son infortun\u00e9e rivale, par <a href=\"https:\/\/gw.geneanet.org\/jnlafargue_w?ei=4523&amp;em=R&amp;et=M&amp;image=on&amp;m=NG&amp;select=0&amp;t=N\" data-type=\"link\" data-id=\"https:\/\/gw.geneanet.org\/jnlafargue_w?ei=4523&amp;em=R&amp;et=M&amp;image=on&amp;m=NG&amp;select=0&amp;t=N\" target=\"_blank\" rel=\"noreferrer noopener\">5\u202f427 branches<\/a>\u202f!<\/p>\n\n\n<div class=\"wp-block-image\">\n<figure class=\"alignright size-full\"><img decoding=\"async\" width=\"229\" height=\"287\" src=\"https:\/\/hyperbate.fr\/legendefamiliale\/files\/2024\/10\/image-1.png\" alt=\"\" class=\"wp-image-926\"\/><\/figure>\n<\/div>\n\n\n<p><strong><a href=\"https:\/\/gw.geneanet.org\/jnlafargue_w?lang=fr&amp;p=emma&amp;n=de+normandie&amp;oc=1\" data-type=\"link\" data-id=\"https:\/\/gw.geneanet.org\/jnlafargue_w?lang=fr&amp;p=emma&amp;n=de+normandie&amp;oc=1\" target=\"_blank\" rel=\"noreferrer noopener\">Emma de Normandie<\/a> <\/strong>(~984-1052), aussi nomm\u00e9e \u00c6lfgifu, fille de Gunnor de Crepon et de Richard I de Normandie, petite fille du viking Rollon, a d&rsquo;abord \u00e9pous\u00e9 \u00c6thelred\u202fII, dit \u00ab\u00a0le malavis\u00e9\u00a0\u00bb, roi d&rsquo;Angleterre. Le jour de la Saint-Brice, le 13 octobre 1002, \u00c6thelred a ordonn\u00e9 le massacre des danois pr\u00e9sents dans son royaume. Le viking Sven \u00e0 la barbe fourchue le lui fera payer, en conqu\u00e9rant l&rsquo;Angleterre, devenant alors roi de Norv\u00e8ge, de Danemark et d&rsquo;Angleterre. Mais Sven meurt peu apr\u00e8s cette conqu\u00eate, et \u00c6thelred peut en rentrer en Angleterre&#8230; O\u00f9 il meurt assez vite \u00e0 son tour, laissant sur le tr\u00f4ne son fils Edmond c\u00f4tes-de-fer, qui est contraint \u00e0 partager l&rsquo;\u00eele avec Knut (Canute), le fils de Sven. Edmond meurt de mani\u00e8re inattendue, laissant Knut devenir le seul roi d&rsquo;Angleterre, de Norv\u00e8ge et de Danemark. Knut \u00e9pouse alors Emma, la veuve de l&rsquo;ennemi de son p\u00e8re. Si les rapports d&rsquo;Emma et \u00c6thelred avaient \u00e9t\u00e9 m\u00e9diocres, ceux d&rsquo;Emma et de son \u00e9poux danois ont \u00e9t\u00e9 bien diff\u00e9rents. R\u00e9gnant v\u00e9ritablement sur l&rsquo;Angleterre pendant dix-huit ans, notamment lors des absences de son \u00e9poux, Emma a eu une importance politique v\u00e9ritable, du vivant de Knut et ensuite, malgr\u00e9 sa rivalit\u00e9 avec la concubine de son \u00e9poux, \u00c6lfgyfu de Northampton, et malgr\u00e9 les ambitions des enfants de son premier \u00e9poux, exil\u00e9s en Normandie. On pr\u00eate \u00e0 Emma une liaison avec \u00c6lfwine, l&rsquo;\u00e9v\u00eaque de Winchester. Je suis cens\u00e9 \u00eatre <a href=\"https:\/\/gw.geneanet.org\/jnlafargue_w?ei=18636&amp;em=R&amp;et=M&amp;image=on&amp;m=NG&amp;select=0&amp;t=N\" data-type=\"link\" data-id=\"https:\/\/gw.geneanet.org\/jnlafargue_w?ei=18636&amp;em=R&amp;et=M&amp;image=on&amp;m=NG&amp;select=0&amp;t=N\">un des descendants d&rsquo;Emma par sept branches<\/a>.<\/p>\n\n\n<div class=\"wp-block-image\">\n<figure class=\"alignright size-full is-resized\"><img decoding=\"async\" width=\"659\" height=\"518\" src=\"https:\/\/hyperbate.fr\/legendefamiliale\/files\/2024\/10\/image-3.png\" alt=\"\" class=\"wp-image-929\" style=\"width:229px\" srcset=\"https:\/\/hyperbate.fr\/legendefamiliale\/files\/2024\/10\/image-3.png 659w, https:\/\/hyperbate.fr\/legendefamiliale\/files\/2024\/10\/image-3-300x236.png 300w\" sizes=\"(max-width: 659px) 100vw, 659px\" \/><figcaption class=\"wp-element-caption\">&nbsp;Lady Macbeth, par John Singer Sargent<\/figcaption><\/figure>\n<\/div>\n\n\n<p><strong><a href=\"https:\/\/gw.geneanet.org\/jnlafargue_w?lang=fr&amp;p=gruoch&amp;n=of+scotland\" data-type=\"link\" data-id=\"https:\/\/gw.geneanet.org\/jnlafargue_w?lang=fr&amp;p=gruoch&amp;n=of+scotland\" target=\"_blank\" rel=\"noreferrer noopener\">Gruoch<\/a><\/strong> (n\u00e9e avant 1015). Petite fille de Cin\u00e1ed II roi d&rsquo;Alba (\u00c9cosse), Gruoch a successivement \u00e9pous\u00e9 Gille Coemg\u00e1in, comte de Moray, et Macbethad mac Findl\u00e1ech, roi d&rsquo;\u00c9cosse et cousin du pr\u00e9c\u00e9dent, qui avait \u00e9t\u00e9 immol\u00e9 par cinquante de ses hommes, au profit et peut-\u00eatre \u00e0 l&rsquo;instigation de celui qui allait plus tard \u00e9pouser sa veuve.<br>Gruoch est la \u00ab\u00a0lady Macbeth\u00a0\u00bb de la pi\u00e8ce de William Shakespeare, o\u00f9 elle est une ambitieuse et une intrigante qui finira par mettre fin \u00e0 ses jours. Rien ne dit que cette r\u00e9putation soit m\u00e9rit\u00e9e. Je suis cens\u00e9 \u00eatre <a href=\"https:\/\/gw.geneanet.org\/jnlafargue_w?lang=fr&amp;m=RL&amp;p=gruoch&amp;n=of+scotland&amp;p1=gruoch&amp;n1=of+scotland&amp;p2=jean+noel&amp;n2=lafargue&amp;l1=0&amp;l2=35,34,33,32&amp;dag=on\" data-type=\"link\" data-id=\"https:\/\/gw.geneanet.org\/jnlafargue_w?lang=fr&amp;m=RL&amp;p=gruoch&amp;n=of+scotland&amp;p1=gruoch&amp;n1=of+scotland&amp;p2=jean+noel&amp;n2=lafargue&amp;l1=0&amp;l2=35,34,33,32&amp;dag=on\" target=\"_blank\" rel=\"noreferrer noopener\">son descendant par quatre branches<\/a>.<\/p>\n\n\n<div class=\"wp-block-image\">\n<figure class=\"alignright size-full is-resized\"><img decoding=\"async\" width=\"688\" height=\"564\" src=\"https:\/\/hyperbate.fr\/legendefamiliale\/files\/2024\/10\/image-5.png\" alt=\"\" class=\"wp-image-934\" style=\"width:229px\" srcset=\"https:\/\/hyperbate.fr\/legendefamiliale\/files\/2024\/10\/image-5.png 688w, https:\/\/hyperbate.fr\/legendefamiliale\/files\/2024\/10\/image-5-300x246.png 300w\" sizes=\"(max-width: 688px) 100vw, 688px\" \/><\/figure>\n<\/div>\n\n\n<p><strong><a href=\"https:\/\/gw.geneanet.org\/jnlafargue_w?lang=fr&amp;nz=lafargue&amp;p=nicole&amp;n=de+la+haye\" data-type=\"link\" data-id=\"https:\/\/gw.geneanet.org\/jnlafargue_w?lang=fr&amp;nz=lafargue&amp;p=nicole&amp;n=de+la+haye\" target=\"_blank\" rel=\"noreferrer noopener\">Nicholaa de la Haye<\/a><\/strong> (~1150-1230), &nbsp;conn\u00e9table&nbsp;du ch\u00e2teau de Lincoln et premi\u00e8re femme Sheriff (du Linconlnshire) en Angleterre. Elle est nomm\u00e9e \u00e0 ce poste le 18 octobre 1218, par le roi <a href=\"https:\/\/gw.geneanet.org\/jnlafargue_w?lang=fr&amp;p=jean&amp;n=plantagenet\" data-type=\"link\" data-id=\"https:\/\/gw.geneanet.org\/jnlafargue_w?lang=fr&amp;p=jean&amp;n=plantagenet\" target=\"_blank\" rel=\"noreferrer noopener\">Jean-sans-terre<\/a>, qu&rsquo;elle connaissait de longue date, qui la remerciait ainsi de sa fid\u00e9lit\u00e9 et de son efficacit\u00e9 dans la d\u00e9fense du ch\u00e2teau contre les assauts successifs de <a href=\"https:\/\/gw.geneanet.org\/jnlafargue_w?lang=fr&amp;p=william&amp;n=de+longchamp\" data-type=\"link\" data-id=\"https:\/\/gw.geneanet.org\/jnlafargue_w?lang=fr&amp;p=william&amp;n=de+longchamp\" target=\"_blank\" rel=\"noreferrer noopener\">William de Lonchamp<\/a>, d&rsquo;hommes de <a href=\"https:\/\/gw.geneanet.org\/jnlafargue_w?lang=fr&amp;p=louis+viii&amp;n=capetiens\" data-type=\"link\" data-id=\"https:\/\/gw.geneanet.org\/jnlafargue_w?lang=fr&amp;p=louis+viii&amp;n=capetiens\" target=\"_blank\" rel=\"noreferrer noopener\">Louis VIII<\/a> ou encore de <a href=\"https:\/\/gw.geneanet.org\/jnlafargue_w?lang=fr&amp;p=william&amp;n=plantagenet\" data-type=\"link\" data-id=\"https:\/\/gw.geneanet.org\/jnlafargue_w?lang=fr&amp;p=william&amp;n=plantagenet\" target=\"_blank\" rel=\"noreferrer noopener\">Guillaume Longue-\u00e9p\u00e9e<\/a>. Lorsqu&rsquo;elle a protest\u00e9 contre cette promotion, arguant qu&rsquo;elle \u00e9tait trop \u00e2g\u00e9e (aux alentours de 66 ans), Jean lui aurait r\u00e9pondu&nbsp;: <em>\u00ab\u202fMa ch\u00e8re Nicolaa, je veux que tu tiennes ce ch\u00e2teau comme tu l&rsquo;as fait dans le pass\u00e9, jusqu&rsquo;\u00e0 ce que j&rsquo;en d\u00e9cide autrement.\u202f\u00bb<\/em><br>Il semble que je sois <a href=\"https:\/\/gw.geneanet.org\/jnlafargue_w?lang=fr&amp;pz=hannah+marit&amp;nz=lafargue&amp;m=RL&amp;p=nicole&amp;n=de+la+haye&amp;p1=nicole&amp;n1=de+la+haye&amp;p2=jean+noel&amp;n2=lafargue&amp;l1=0&amp;l2=28,27,26,25&amp;dag=on\" data-type=\"link\" data-id=\"https:\/\/gw.geneanet.org\/jnlafargue_w?lang=fr&amp;pz=hannah+marit&amp;nz=lafargue&amp;m=RL&amp;p=nicole&amp;n=de+la+haye&amp;p1=nicole&amp;n1=de+la+haye&amp;p2=jean+noel&amp;n2=lafargue&amp;l1=0&amp;l2=28,27,26,25&amp;dag=on\" target=\"_blank\" rel=\"noreferrer noopener\">son descendant par six branches<\/a>, toutes du c\u00f4t\u00e9 britannique de la famille.<\/p>\n\n\n<div class=\"wp-block-image\">\n<figure class=\"alignright size-full is-resized\"><img decoding=\"async\" width=\"455\" height=\"640\" src=\"https:\/\/hyperbate.fr\/legendefamiliale\/files\/2024\/10\/image-6.png\" alt=\"\" class=\"wp-image-940\" style=\"width:229px\" srcset=\"https:\/\/hyperbate.fr\/legendefamiliale\/files\/2024\/10\/image-6.png 455w, https:\/\/hyperbate.fr\/legendefamiliale\/files\/2024\/10\/image-6-213x300.png 213w\" sizes=\"(max-width: 455px) 100vw, 455px\" \/><\/figure>\n<\/div>\n\n\n<p><strong><a href=\"https:\/\/gw.geneanet.org\/jnlafargue_w?lang=fr&amp;p=isabelle&amp;n=d+angouleme\" data-type=\"link\" data-id=\"https:\/\/gw.geneanet.org\/jnlafargue_w?lang=fr&amp;p=isabelle&amp;n=d+angouleme\" target=\"_blank\" rel=\"noreferrer noopener\">Isabelle d&rsquo;Angoul\u00eame<\/a><\/strong> (~1188-1246). Fille unique d&rsquo;Aymar Taillefer et d&rsquo;Alice de Cournenay, Isabelle est comtesse de plein-droit d&rsquo;Angoul\u00eame. Ses fian\u00e7ailles \u00e0 Henri IX de Lusignan, comte de la Marche, font craindre au roi <a href=\"https:\/\/gw.geneanet.org\/jnlafargue_w?lang=fr&amp;p=jean&amp;n=plantagenet\" data-type=\"link\" data-id=\"https:\/\/gw.geneanet.org\/jnlafargue_w?lang=fr&amp;p=jean&amp;n=plantagenet\" target=\"_blank\" rel=\"noreferrer noopener\">Jean-sans-terre<\/a> de voir diminuer son pouvoir en Nord-Aquitaine. Pr\u00e9sent le jour des noces, le 24 ao\u00fbt 1200, le roi d&rsquo;Angleterre enl\u00e8ve la promise, qu&rsquo;il \u00e9pouse et qui devient reine consort d&rsquo;Angleterre. Parmi ses enfants se trouvent un roi d&rsquo;Angleterre, une reine d&rsquo;\u00c9cosse et une imp\u00e9ratrice du Saint-Empire. Lorsque Jean meurt, seize ans plus tard, Isabelle fait couronner son fils Henry III. Exclue des affaires par les conseillers du palais, en froid avec son fils, elle ne tarde pas \u00e0 retourner en France o\u00f9 elle \u00e9pouse, Hugues X de Lusignan, fils de son ancien fianc\u00e9 qui \u00e9tait mort l&rsquo;ann\u00e9e pr\u00e9c\u00e9dente. Ils auront neuf enfants. Sa s\u00e9pulture se trouve \u00e0 l&rsquo;Abbaye de Fontevraud, \u00e0 proximit\u00e9 de celle de sa belle-m\u00e8re, Alienor d&rsquo;Aquitaine, qui avait \u00e9t\u00e9 successivement mari\u00e9e au roi de France Louis VII puis au roi d&rsquo;Angleterre Henri II, ce qui l&rsquo;a faite deux fois reine.<br>Elle est interpr\u00e9t\u00e9e par Victoria Abril dans l&rsquo;excellent film <em>Robin and Marian<\/em> (Richard Lester, 1976), et par L\u00e9a Seydoux dans le <em>Robin des bois<\/em> de 2010.<br>Selon la g\u00e9n\u00e9alogie, je suis descendant d&rsquo;Isabelle par dix de ses enfants, r\u00e9partis en <a href=\"https:\/\/gw.geneanet.org\/jnlafargue_w?ei=918&amp;em=R&amp;et=M&amp;image=on&amp;m=NG&amp;select=0&amp;t=N\" data-type=\"link\" data-id=\"https:\/\/gw.geneanet.org\/jnlafargue_w?ei=918&amp;em=R&amp;et=M&amp;image=on&amp;m=NG&amp;select=0&amp;t=N\" target=\"_blank\" rel=\"noreferrer noopener\">126 branches<\/a>, autant des c\u00f4t\u00e9s britanniques que limousins de ma famille.<\/p>\n\n\n<div class=\"wp-block-image\">\n<figure class=\"alignright size-full is-resized\"><img decoding=\"async\" width=\"354\" height=\"350\" src=\"https:\/\/hyperbate.fr\/legendefamiliale\/files\/2024\/10\/image-7.png\" alt=\"\" class=\"wp-image-944\" style=\"width:228px;height:auto\" srcset=\"https:\/\/hyperbate.fr\/legendefamiliale\/files\/2024\/10\/image-7.png 354w, https:\/\/hyperbate.fr\/legendefamiliale\/files\/2024\/10\/image-7-300x297.png 300w\" sizes=\"(max-width: 354px) 100vw, 354px\" \/><figcaption class=\"wp-element-caption\">(Illustration de Ren\u00e9 Vincent, dit Rageot, pour le livre La Lionne de Clisson, par Ren\u00e9 Ma\u00ebl, 1910)<\/figcaption><\/figure>\n<\/div>\n\n\n<p><a href=\"https:\/\/gw.geneanet.org\/jnlafargue_w?lang=fr&amp;p=jeanne&amp;n=de+belleville\" data-type=\"link\" data-id=\"https:\/\/gw.geneanet.org\/jnlafargue_w?lang=fr&amp;p=jeanne&amp;n=de+belleville\" target=\"_blank\" rel=\"noreferrer noopener\"><strong>Jeanne de Belleville<\/strong><\/a> (~1300-~1359), premi\u00e8re femme pirate fran\u00e7aise. Elle na\u00eet dans le Poitou. Sa famille poss\u00e8de notamment les \u00eeles d&rsquo;Yeu et de Noirmoutier. Elle est mari\u00e9e jeune \u00e0 Geoffroy de Ch\u00e2teaubriand, puis, une fois veuve, \u00e0 <a href=\"https:\/\/gw.geneanet.org\/jnlafargue_w?lang=fr&amp;p=guy&amp;n=de+dreux\" data-type=\"link\" data-id=\"https:\/\/gw.geneanet.org\/jnlafargue_w?lang=fr&amp;p=guy&amp;n=de+dreux\" target=\"_blank\" rel=\"noreferrer noopener\">Guy de Dreux<\/a>, ce qui fera d&rsquo;elle la belle-m\u00e8re de <a href=\"https:\/\/gw.geneanet.org\/jnlafargue_w?lang=fr&amp;p=jeanne+i&amp;n=de+penthievre\" data-type=\"link\" data-id=\"https:\/\/gw.geneanet.org\/jnlafargue_w?lang=fr&amp;p=jeanne+i&amp;n=de+penthievre\" target=\"_blank\" rel=\"noreferrer noopener\">Jeanne \u00ab\u00a0la boiteuse\u00a0\u00bb de Penthi\u00e8vre<\/a>, mais ce second mariage sera rapidement annul\u00e9 par le pape. <br>Elle \u00e9pouse ensuite <a href=\"https:\/\/gw.geneanet.org\/jnlafargue_w?lang=fr&amp;p=olivier+iv&amp;n=de+clisson\" data-type=\"link\" data-id=\"https:\/\/gw.geneanet.org\/jnlafargue_w?lang=fr&amp;p=olivier+iv&amp;n=de+clisson\" target=\"_blank\" rel=\"noreferrer noopener\">Olivier IV Clisson<\/a>. Elle partage la disgr\u00e2ce de son \u00e9poux lorsque le roi <a href=\"https:\/\/gw.geneanet.org\/jnlafargue_w?lang=fr&amp;p=philippe+vi&amp;n=de+valois\" data-type=\"link\" data-id=\"https:\/\/gw.geneanet.org\/jnlafargue_w?lang=fr&amp;p=philippe+vi&amp;n=de+valois\" target=\"_blank\" rel=\"noreferrer noopener\">Philippe VI<\/a> le fait d\u00e9capiter apr\u00e8s l&rsquo;avoir attir\u00e9 \u00e0 Paris au pr\u00e9texte d&rsquo;un tournoi. Ses biens \u2014 qui s&rsquo;\u00e9tendent sur un territoire consid\u00e9rable \u202f\u2014 sont saisis, mais elle se d\u00e9fend, arme deux navires et embarque un \u00e9quipage de fid\u00e8les pour \u00e9cumer les c\u00f4tes bretonne, ravageant tous les bateaux d\u00e9pendants du roi pendant six mois, ex\u00e9cutant sans merci ses prisonniers dont elle coupe les membres pour les jeter \u00e0 la mer. Lorsque son fils meurt, elle part vivre en Angleterre, o\u00f9 elle se marie pour la quatri\u00e8me et derni\u00e8re fois. La l\u00e9gende de la <em>\u00ab\u00a0Lionne sanglante de Bretagne\u00a0\u00bb<\/em> est d\u00e9sormais un peu contest\u00e9e par les historiens, pour qui, moins qu&rsquo;une cruelle femme pirate, Jeanne a surtout \u00e9t\u00e9 une fugitive prot\u00e9geant ses enfants. Il semble que je sois <a href=\"https:\/\/gw.geneanet.org\/jnlafargue_w?ei=2049&amp;em=R&amp;et=M&amp;image=on&amp;m=NG&amp;select=0&amp;t=N\" data-type=\"link\" data-id=\"https:\/\/gw.geneanet.org\/jnlafargue_w?ei=2049&amp;em=R&amp;et=M&amp;image=on&amp;m=NG&amp;select=0&amp;t=N\" target=\"_blank\" rel=\"noreferrer noopener\">son descendant par une quinzaine de branches.<\/a><\/p>\n\n\n<div class=\"wp-block-image\">\n<figure class=\"alignright size-full is-resized\"><img decoding=\"async\" width=\"743\" height=\"972\" src=\"https:\/\/hyperbate.fr\/legendefamiliale\/files\/2025\/06\/jacquette_de_Montbron.jpg\" alt=\"\" class=\"wp-image-1048\" style=\"width:228px\" srcset=\"https:\/\/hyperbate.fr\/legendefamiliale\/files\/2025\/06\/jacquette_de_Montbron.jpg 743w, https:\/\/hyperbate.fr\/legendefamiliale\/files\/2025\/06\/jacquette_de_Montbron-229x300.jpg 229w\" sizes=\"(max-width: 743px) 100vw, 743px\" \/><\/figure>\n<\/div>\n\n\n<p><a href=\"https:\/\/gw.geneanet.org\/jnlafargue_w?lang=fr&amp;p=jacquette&amp;n=de+montberon\"><strong>Jacquette de Montbron<\/strong><\/a> (1544-1598)<br>Favorite de Catherine de M\u00e9dicis et de Louise de Lorraine. Devenue veuve d&rsquo;Andr\u00e9 de Bourdeilles, elle s&rsquo;est passionn\u00e9e pour la construction, devenant l&rsquo;unique femme portant le titre d&rsquo;architecte tout au long de la Renaissance. Inspir\u00e9e par des architectes italiens, elle a con\u00e7u et supervis\u00e9 les ch\u00e2teaux de Matha (Charente-Maritime) et Bourdeilles (P\u00e9rigord).<br>Son beau-fr\u00e8re, Pierre de Bourdeilles, dit Brant\u00f4me, a \u00e9crit son \u00e9loge\u00a0:<\/p>\n\n\n\n<blockquote class=\"wp-block-quote is-layout-flow wp-block-quote-is-layout-flow\">\n<p class=\"has-medium-font-size\">Sur tous les artz, elle ayma fort la geom\u00e9trie et architecture, y estant tr\u00e8s-experte et ing\u00e9nieuse, comme elle a bien faicte aproistre en ce superbe \u00e9difice et belle maison de Bourdeille, qu\u2019elle fit bastir de son invention et seule fa\u00e7on, qui est tr\u00e8s-admirable. Aussy Salomon dict que la sage et honneste femme faut qu\u2019elle fit bastir sa maison. Tousjours elle a faict bastir et remuer pierres en toutes ses maisons, estant tousjours assidue en quelque belle action, comme \u00e0 ses ouvrages, auxquelz elle fut fort industrieuse et labourieuse<\/p>\n<\/blockquote>\n\n\n\n<p>Je suis cens\u00e9 \u00eatre son descendant par deux branches, \u00e0 la <a href=\"https:\/\/gw.geneanet.org\/jnlafargue_w?lang=fr&amp;pz=hannah+marit&amp;nz=lafargue&amp;m=RL&amp;p=jacquette&amp;n=de+montberon&amp;l1=0&amp;p1=jacquette&amp;n1=de+montberon&amp;l2=13&amp;p2=jean+noel&amp;n2=lafargue\" data-type=\"link\" data-id=\"https:\/\/gw.geneanet.org\/jnlafargue_w?lang=fr&amp;pz=hannah+marit&amp;nz=lafargue&amp;m=RL&amp;p=jacquette&amp;n=de+montberon&amp;l1=0&amp;p1=jacquette&amp;n1=de+montberon&amp;l2=13&amp;p2=jean+noel&amp;n2=lafargue\" target=\"_blank\" rel=\"noreferrer noopener\">13e<\/a> et \u00e0 la <a href=\"https:\/\/gw.geneanet.org\/jnlafargue_w?lang=fr&amp;pz=hannah+marit&amp;nz=lafargue&amp;m=RL&amp;p=jacquette&amp;n=de+montberon&amp;l1=0&amp;p1=jacquette&amp;n1=de+montberon&amp;l2=14&amp;p2=jean+noel&amp;n2=lafargue\" data-type=\"link\" data-id=\"https:\/\/gw.geneanet.org\/jnlafargue_w?lang=fr&amp;pz=hannah+marit&amp;nz=lafargue&amp;m=RL&amp;p=jacquette&amp;n=de+montberon&amp;l1=0&amp;p1=jacquette&amp;n1=de+montberon&amp;l2=14&amp;p2=jean+noel&amp;n2=lafargue\" target=\"_blank\" rel=\"noreferrer noopener\">14e g\u00e9n\u00e9ration<\/a>.<\/p>\n\n\n\n<p><\/p>\n","protected":false},"excerpt":{"rendered":"<p>Dans mon arbre g\u00e9n\u00e9alogique on trouve un certain nombre de femmes au fort caract\u00e8re. Certaines sont admirables, quelques unes ont moins bonne r\u00e9putation, et ce n&rsquo;est pas forc\u00e9ment par la m\u00e9disance des chroniqueurs&#8230;Je raconte leurs histoires ici, dans l&rsquo;ordre chronologique. Brunehaut (~547-613). Princesse Wisigoth, elle \u00e9pouse le roi Franc Siegebert, fils de Clotaire. Siegelbert sera &hellip; <a href=\"https:\/\/hyperbate.fr\/legendefamiliale\/ancetres-remarquables\/femmes-fortes\/\" class=\"more-link\">Continuer la lecture de <span class=\"screen-reader-text\">Femmes fortes<\/span> <span class=\"meta-nav\">&rarr;<\/span><\/a><\/p>\n","protected":false},"author":1,"featured_media":0,"parent":880,"menu_order":0,"comment_status":"closed","ping_status":"closed","template":"","meta":{"footnotes":""},"class_list":["post-890","page","type-page","status-publish","hentry"],"_links":{"self":[{"href":"https:\/\/hyperbate.fr\/legendefamiliale\/wp-json\/wp\/v2\/pages\/890","targetHints":{"allow":["GET"]}}],"collection":[{"href":"https:\/\/hyperbate.fr\/legendefamiliale\/wp-json\/wp\/v2\/pages"}],"about":[{"href":"https:\/\/hyperbate.fr\/legendefamiliale\/wp-json\/wp\/v2\/types\/page"}],"author":[{"embeddable":true,"href":"https:\/\/hyperbate.fr\/legendefamiliale\/wp-json\/wp\/v2\/users\/1"}],"replies":[{"embeddable":true,"href":"https:\/\/hyperbate.fr\/legendefamiliale\/wp-json\/wp\/v2\/comments?post=890"}],"version-history":[{"count":4,"href":"https:\/\/hyperbate.fr\/legendefamiliale\/wp-json\/wp\/v2\/pages\/890\/revisions"}],"predecessor-version":[{"id":1052,"href":"https:\/\/hyperbate.fr\/legendefamiliale\/wp-json\/wp\/v2\/pages\/890\/revisions\/1052"}],"up":[{"embeddable":true,"href":"https:\/\/hyperbate.fr\/legendefamiliale\/wp-json\/wp\/v2\/pages\/880"}],"wp:attachment":[{"href":"https:\/\/hyperbate.fr\/legendefamiliale\/wp-json\/wp\/v2\/media?parent=890"}],"curies":[{"name":"wp","href":"https:\/\/api.w.org\/{rel}","templated":true}]}}