{"id":880,"date":"2024-10-18T11:56:34","date_gmt":"2024-10-18T09:56:34","guid":{"rendered":"https:\/\/hyperbate.fr\/legendefamiliale\/?page_id=880"},"modified":"2024-10-18T17:42:43","modified_gmt":"2024-10-18T15:42:43","slug":"ancetres-remarquables","status":"publish","type":"page","link":"https:\/\/hyperbate.fr\/legendefamiliale\/ancetres-remarquables\/","title":{"rendered":"Anc\u00eatres ou cousin(e)s remarquables"},"content":{"rendered":"\n<p>\u00c0 chaque g\u00e9n\u00e9ration, une personne peut ne pas \u00eatre l&rsquo;enfant biologique de ses parents administratifs (combien d&rsquo;enfants ont ignor\u00e9 avoir \u00e9t\u00e9 adopt\u00e9s, ou ont \u00e9t\u00e9 reconnus par un homme qui n&rsquo;\u00e9tait pas leur g\u00e9niteur&#8230;), et lorsque l&rsquo;on parle des familles qui revendiquaient des titres, notamment avant la g\u00e9n\u00e9ralisation de l&rsquo;\u00c9tat-civil, les arrangements avec la r\u00e9alit\u00e9 ne sont sans doute pas rares. Ne parlons pas des g\u00e9n\u00e9alogies qui ne s&rsquo;appuient que sur des traditions (rois et reines l\u00e9gendaires), voire sur les d\u00e9ductions d&rsquo;historiens \u00e0 partir de sources ou d&rsquo;indices fragiles (telle la r\u00e9currence d&rsquo;un pr\u00e9nom singulier dans une famille).<br>Les anc\u00eatres que je me donne sur cette page, s&rsquo;ils sont le fruit d&rsquo;un travail d&rsquo;exploration g\u00e9n\u00e9alogique assez s\u00e9rieux, ne sont peut-\u00eatre mes anc\u00eatres que par la magie d&rsquo;un \u00c9tat-civil approximatif ou de nobiliaires contestables, c&rsquo;est \u00e0 dire que ce ne sont peut-\u00eatre pas mes anc\u00eatres du tout. Mais la g\u00e9n\u00e9alogie me sert de pr\u00e9texte \u00e0 explorer leurs biographies. Sauf exception, je vais \u00e9viter de nommer ici toutes les t\u00eates couronn\u00e9es d&rsquo;Europe, qui sont quelque part banales&nbsp;: d\u00e8s que l&rsquo;on parvient \u00e0 se raccorder \u00e0 un peu de noblesse, on tire le fil jusqu&rsquo;aux rois m\u00e9rovingiens ou wisigoths, au moins<sup><a href=\"#footnote_1_880\" id=\"identifier_1_880\" class=\"footnote-link footnote-identifier-link\" title=\"L&rsquo;historien Christian Settipani travaille depuis des ann&eacute;es sur les g&eacute;n&eacute;alogies gallo-romaines et pense pouvoir relier les &eacute;lites de l&rsquo;Antiquit&eacute; gallo-romaine et celles des germains du Haut Moyen-&acirc;ge,&hellip;\">1<\/a><\/sup>.<br>Les liens contenus sur cette page pointent vers mon arbre g\u00e9n\u00e9alogique.<\/p>\n\n\n\n<ul class=\"wp-block-list\">\n<li><a href=\"https:\/\/hyperbate.fr\/legendefamiliale\/ancetres-remarquables\/femmes-fortes\/\">Femmes fortes<\/a><\/li>\n<\/ul>\n\n\n\n<p><\/p>\n<ol class=\"footnotes\"><li id=\"footnote_1_880\" class=\"footnote\">L&rsquo;historien Christian Settipani travaille depuis des ann\u00e9es sur les g\u00e9n\u00e9alogies gallo-romaines et pense pouvoir relier les \u00e9lites de l&rsquo;Antiquit\u00e9 gallo-romaine et celles des germains du Haut Moyen-\u00e2ge,&#8230;<span class=\"footnote-back-link-wrapper\"> [<a href=\"#identifier_1_880\" class=\"footnote-link footnote-back-link\">&#8617;<\/a>]<\/span><\/li><\/ol>","protected":false},"excerpt":{"rendered":"<p>\u00c0 chaque g\u00e9n\u00e9ration, une personne peut ne pas \u00eatre l&rsquo;enfant biologique de ses parents administratifs (combien d&rsquo;enfants ont ignor\u00e9 avoir \u00e9t\u00e9 adopt\u00e9s, ou ont \u00e9t\u00e9 reconnus par un homme qui n&rsquo;\u00e9tait pas leur g\u00e9niteur&#8230;), et lorsque l&rsquo;on parle des familles qui revendiquaient des titres, notamment avant la g\u00e9n\u00e9ralisation de l&rsquo;\u00c9tat-civil, les arrangements avec la r\u00e9alit\u00e9 &hellip; <a href=\"https:\/\/hyperbate.fr\/legendefamiliale\/ancetres-remarquables\/\" class=\"more-link\">Continuer la lecture de <span class=\"screen-reader-text\">Anc\u00eatres ou cousin(e)s remarquables<\/span> <span class=\"meta-nav\">&rarr;<\/span><\/a><\/p>\n","protected":false},"author":1,"featured_media":0,"parent":0,"menu_order":0,"comment_status":"closed","ping_status":"closed","template":"","meta":{"footnotes":""},"class_list":["post-880","page","type-page","status-publish","hentry"],"_links":{"self":[{"href":"https:\/\/hyperbate.fr\/legendefamiliale\/wp-json\/wp\/v2\/pages\/880","targetHints":{"allow":["GET"]}}],"collection":[{"href":"https:\/\/hyperbate.fr\/legendefamiliale\/wp-json\/wp\/v2\/pages"}],"about":[{"href":"https:\/\/hyperbate.fr\/legendefamiliale\/wp-json\/wp\/v2\/types\/page"}],"author":[{"embeddable":true,"href":"https:\/\/hyperbate.fr\/legendefamiliale\/wp-json\/wp\/v2\/users\/1"}],"replies":[{"embeddable":true,"href":"https:\/\/hyperbate.fr\/legendefamiliale\/wp-json\/wp\/v2\/comments?post=880"}],"version-history":[{"count":3,"href":"https:\/\/hyperbate.fr\/legendefamiliale\/wp-json\/wp\/v2\/pages\/880\/revisions"}],"predecessor-version":[{"id":896,"href":"https:\/\/hyperbate.fr\/legendefamiliale\/wp-json\/wp\/v2\/pages\/880\/revisions\/896"}],"wp:attachment":[{"href":"https:\/\/hyperbate.fr\/legendefamiliale\/wp-json\/wp\/v2\/media?parent=880"}],"curies":[{"name":"wp","href":"https:\/\/api.w.org\/{rel}","templated":true}]}}