{"id":413,"date":"2018-07-25T13:59:15","date_gmt":"2018-07-25T11:59:15","guid":{"rendered":"http:\/\/hyperbate.fr\/legendefamilale\/?page_id=413"},"modified":"2018-07-25T14:00:13","modified_gmt":"2018-07-25T12:00:13","slug":"genealogie-familiale","status":"publish","type":"page","link":"https:\/\/hyperbate.fr\/legendefamiliale\/genealogie-familiale\/","title":{"rendered":"G\u00e9n\u00e9alogie familiale"},"content":{"rendered":"<p>J&rsquo;essaie patiemment de reconstituer la g\u00e9n\u00e9alogie familiale sur le site Geneanet. Certains \u00e9l\u00e9ments sont mieux r\u00e9f\u00e9renc\u00e9s que d&rsquo;autres, mais dans l&rsquo;ensemble mes sources sont s\u00e9rieuses. En juillet 2018, la base de donn\u00e9es contient 6566 personnes, mais pas seulement des anc\u00eatres puisque je me suis amus\u00e9 \u00e0 \u00e9tablir des cousinages parfois lointains avec des personnes diverses.<br \/>\nOn peut voir tout \u00e7a ici : <a href=\"https:\/\/gw.geneanet.org\/jnlafargue_w?lang=fr&amp;p=jean+noel&amp;n=lafargue&amp;oc=0\" target=\"_blank\" rel=\"noopener\"><strong>geneanet.org\/jnlafargue<\/strong><\/a><\/p>\n","protected":false},"excerpt":{"rendered":"<p>J&rsquo;essaie patiemment de reconstituer la g\u00e9n\u00e9alogie familiale sur le site Geneanet. Certains \u00e9l\u00e9ments sont mieux r\u00e9f\u00e9renc\u00e9s que d&rsquo;autres, mais dans l&rsquo;ensemble mes sources sont s\u00e9rieuses. En juillet 2018, la base de donn\u00e9es contient 6566 personnes, mais pas seulement des anc\u00eatres puisque je me suis amus\u00e9 \u00e0 \u00e9tablir des cousinages parfois lointains avec des personnes diverses. &hellip; <a href=\"https:\/\/hyperbate.fr\/legendefamiliale\/genealogie-familiale\/\" class=\"more-link\">Continuer la lecture de <span class=\"screen-reader-text\">G\u00e9n\u00e9alogie familiale<\/span> <span class=\"meta-nav\">&rarr;<\/span><\/a><\/p>\n","protected":false},"author":1,"featured_media":0,"parent":0,"menu_order":1,"comment_status":"closed","ping_status":"closed","template":"","meta":{"footnotes":""},"class_list":["post-413","page","type-page","status-publish","hentry"],"_links":{"self":[{"href":"https:\/\/hyperbate.fr\/legendefamiliale\/wp-json\/wp\/v2\/pages\/413","targetHints":{"allow":["GET"]}}],"collection":[{"href":"https:\/\/hyperbate.fr\/legendefamiliale\/wp-json\/wp\/v2\/pages"}],"about":[{"href":"https:\/\/hyperbate.fr\/legendefamiliale\/wp-json\/wp\/v2\/types\/page"}],"author":[{"embeddable":true,"href":"https:\/\/hyperbate.fr\/legendefamiliale\/wp-json\/wp\/v2\/users\/1"}],"replies":[{"embeddable":true,"href":"https:\/\/hyperbate.fr\/legendefamiliale\/wp-json\/wp\/v2\/comments?post=413"}],"version-history":[{"count":1,"href":"https:\/\/hyperbate.fr\/legendefamiliale\/wp-json\/wp\/v2\/pages\/413\/revisions"}],"predecessor-version":[{"id":414,"href":"https:\/\/hyperbate.fr\/legendefamiliale\/wp-json\/wp\/v2\/pages\/413\/revisions\/414"}],"wp:attachment":[{"href":"https:\/\/hyperbate.fr\/legendefamiliale\/wp-json\/wp\/v2\/media?parent=413"}],"curies":[{"name":"wp","href":"https:\/\/api.w.org\/{rel}","templated":true}]}}