{"id":133,"date":"2011-08-23T22:30:12","date_gmt":"2011-08-23T22:30:12","guid":{"rendered":"http:\/\/hyperbate.fr\/finsdumonde\/?page_id=133"},"modified":"2012-11-25T00:35:16","modified_gmt":"2012-11-25T00:35:16","slug":"definitions","status":"publish","type":"page","link":"https:\/\/hyperbate.fr\/finsdumonde\/definitions\/","title":{"rendered":"D\u00e9finitions"},"content":{"rendered":"<p><small><em>(d\u00e9finitions pour la plupart plus ou moins emprunt\u00e9es \u00e0 <a href=\"http:\/\/fr.wikipedia.org\" target=\"_blank\">Wikip\u00e9dia<\/a> et au <a href=\"http:\/\/fr.wiktionary.org\" target=\"_blank\">Wikitionaire<\/a>)<\/em><\/small><br \/>\n<strong><a name=\"apocalypse\"><\/a>Apocalypse<\/strong><br \/>\nDu grec\u00a0\u1f00\u03c0\u03bf\u03ba\u03ac\u03bb\u03c5\u03c8\u03b9\u03c2 : \u00ab\u00a0r\u00e9v\u00e9lation\u00a0\u00bb, \u00ab\u00a0d\u00e9voilement\u00a0\u00bb, \u00ab\u00a0mise \u00e0 nu\u00a0\u00bb.<br \/>\nLe <em>livre des R\u00e9v\u00e9lations<\/em>, ou <em>Apocalypse<\/em>, est attribu\u00e9 depuis le 2e si\u00e8cle de notre \u00e8re \u00e0 l&rsquo;\u00e9vang\u00e9liste Jean et fait partie des textes canons de l&rsquo;\u00e9glise catholique depuis la fin du 4e si\u00e8cle. Ce livre d\u00e9crit la fin des temps.<br \/>\nParmi les notions importantes qui sont li\u00e9es \u00e0 l&rsquo;Apocalypse, il faut citer l&rsquo;<strong>Ant\u00e9christ<\/strong>, un imposteur qui se fait passer pour Dieu sur terre, \u00e0 la fin des temps\u00a0; <strong>Armilus<\/strong>, un autre anti-messie ; <strong>Belz\u00e9buth<\/strong> (Baal-Zebub), le prince des d\u00e9mons, \u00e0 qui on pr\u00eate souvent l&rsquo;apparence d&rsquo;une \u00e9norme mouche ;\u00a0<strong>La grande prostitu\u00e9e<\/strong>, qui symbolise la corruption du pouvoir et de l&rsquo;argent. Ce nom d\u00e9signait sans doute \u00e0 l&rsquo;origine l&#8217;empire romain, et pour certains protestants, d\u00e9signe l&rsquo;\u00e9glise catholique romaine ; <strong>Gog et Magog<\/strong> : les deux derniers ennemis \u00e0 \u00eatre vaincus par Dieu lors de l&rsquo;Apocalypse\u00a0; L&rsquo;<strong>enl\u00e8vement<\/strong>\u00a0(<em>rapture<\/em>, en anglais) : apr\u00e8s avoir appel\u00e9 et\u00a0ressuscit\u00e9\u00a0les morts, Dieu appellera les vivants. C&rsquo;est l&rsquo;enl\u00e8vement. De nombreux suicides collectifs ayant eu lieu dans des groupes sectaires ont \u00e9t\u00e9 op\u00e9r\u00e9s dans la croyance en un \u00ab\u00a0enl\u00e8vement\u00a0\u00bb (par Dieu ou par des extra-terrestres).<\/p>\n<p><strong><a name=\"Armageddon\"><\/a>Armageddon<\/strong><br \/>\nDe l&rsquo;h\u00e9breu: \u05d4\u05e8 \u05de\u05d2\u05d9\u05d3\u05d5, signifiant \u00ab colline de Megiddo \u00bb \u2014\u00a0un petit mont en Galil\u00e9e dans la r\u00e9gion nord de l\u2019\u00c9tat de Palestine. C&rsquo;est, selon la Bible, le lieu du combat ultime entre le bien et le mal.<\/p>\n<p><strong><a name=\"bigbang\"><\/a>Big Bang<\/strong> (Grand \u00ab\u00a0bang\u00a0\u00bb)<br \/>\nMod\u00e8le cosmologique d\u00e9crivant la formation de l&rsquo;univers. Le nom <em>Big Bang<\/em>, d&rsquo;origine journalistique, donne l&rsquo;id\u00e9e\u00a0erron\u00e9e\u00a0d&rsquo;une explosion originelle. La th\u00e9orie du <em>Big Bang<\/em>, qui consid\u00e8re que l&rsquo;univers a connu une phase plus dense et plus chaude,\u00a0fait \u00e0 peu pr\u00e8s consensus parmi les scientifiques mais ne cesse d&rsquo;\u00eatre modifi\u00e9 par l&rsquo;apport d&rsquo;observations, de connaissances ou de th\u00e9ories nouvelles. Le principe du <em>Big Bang<\/em> a \u00e9t\u00e9 propos\u00e9 par le\u00a0chanoine catholique belge Georges Lema\u00eetre en 1927. Le pape Pie XII, pour qui le <em>Big Bang<\/em> ressemblait furieusement au <em>Fiat Lux<\/em> de la Bible, y a vu une preuve scientifique de l&rsquo;existence de Dieu. Georges Lema\u00eetre a tent\u00e9 de convaincre le souverain pontife qu&rsquo;il \u00e9tait une erreur de vouloir accorder foi et science.<\/p>\n<p><strong><a name=\"bigcrunch\"><\/a>Big Crunch<\/strong> (Grand \u00e9crasement)<br \/>\nMod\u00e8le cosmologique qui pr\u00e9dit que, au terme d&rsquo;une phase d&rsquo;expansion, l&rsquo;univers conna\u00eetra un cycle de contraction, un Big Bang \u00e0 l&rsquo;envers. La d\u00e9couverte de l&rsquo;acc\u00e9l\u00e9ration de l&rsquo;expansion de l&rsquo;univers, au d\u00e9but des ann\u00e9es 1990, a rendu cette th\u00e9orie caduque.<\/p>\n<p><strong><a name=\"bigrip\"><\/a>Big Rip\u00a0<\/strong>(Grande d\u00e9chirure)<br \/>\nMod\u00e8le cosmologique qui pr\u00e9dit que la densit\u00e9 de l&rsquo;univers augmentera avec le temps, malgr\u00e9 son expansion constante, gr\u00e2ce \u00e0 l&rsquo;existence d&rsquo;une forme de mati\u00e8re atypique, l&rsquo;<em>\u00e9nergie fant\u00f4me<\/em>. Avec ce sc\u00e9nario, la densit\u00e9 de l&rsquo;univers atteint une valeur infinie en un temps fini, aboutissant \u00e0 une destruction de toute structure, y compris celle des atomes. Ce mod\u00e8le a \u00e9t\u00e9 propos\u00e9 en 1999 par Robert Caldwell, du Dartmouth College.<\/p>\n<p><strong><a name=\"catastrophe\"><\/a>Catastrophe<\/strong><br \/>\n\u00c9v\u00e9nement soudain, qui, bouleversant le cours des choses, am\u00e8ne la destruction, la ruine, la mort.\u00a0Du latin <em>catastropha<\/em>, lui-m\u00eame du grec ancien \u03ba\u03b1\u03c4\u03b1\u03c3\u03c4\u03c1\u03bf\u03c6\u03ae compos\u00e9 de \u03ba\u03b1\u03c4\u03ac (\u00ab vers le bas \u00bb) et de \u03c3\u03c4\u03c1\u03bf\u03c6\u03ae (\u00ab tour \u00bb).\u00a0Synonymes : <em>Cataclysme<\/em>, <em>D\u00e9sastre<\/em>. En h\u00e9breu, le mot <em>catastrophe<\/em> se traduit par <em>Shoah<\/em> (\u05e9\u05d5\u05d0\u05d4), qui d\u00e9signe l&rsquo;extermination syst\u00e9matique des juifs par l&rsquo;Allemagne nazie.<\/p>\n<p><strong><a name=\"crise\"><\/a>Crise<\/strong><br \/>\nDu latin m\u00e9di\u00e9val\u00a0<em style=\"border-width: initial; border-color: initial;\">crisis<\/em>\u00a0: \u00ab\u00a0manifestation grave d&rsquo;une maladie\u00a0\u00bb, issu du grec \u03ba\u03c1\u03af\u03c3\u03b9\u03c2 : \u00ab\u00a0<em style=\"border-width: initial; border-color: initial;\">jugement<\/em>\u00ab\u00a0. \u00a0En m\u00e9decine, la crise est un changement en bien ou en mal qui survient au cours d&rsquo;une maladie et qui est accompagn\u00e9 de ph\u00e9nom\u00e8nes particuliers (h\u00e9morragie, sueur, fi\u00e8vre, frissons, etc.). Le mot a pris le sens figur\u00e9 d&rsquo;un moment p\u00e9rilleux et d\u00e9cisif, par exemple dans le domaine \u00e9conomique.<\/p>\n<p><strong><a name=\"eschatologie\"><\/a>Eschatologie<\/strong><br \/>\nDu grec \u1f14\u03c3\u03c7\u03b1\u03c4\u03bf\u03c2 : \u00ab dernier \u00bb, et \u03bb\u03cc\u03b3\u03bf\u03c2 : \u00ab parole \u00bb, \u00ab \u00e9tude \u00bb. Registre philosophique et th\u00e9ologique dont le but est de discourir sur la fin des temps.<\/p>\n<p><strong><a name=\"tribulation\"><\/a>Grande Tribulation<\/strong><br \/>\nP\u00e9riode de troubles pendant laquelle ceux qui ne suivent pas Dieu seront victimes de d\u00e9sastres terribles (famines, guerres,&#8230;). Les th\u00e9ories sur la teneur, le moment et la dur\u00e9e exacte de cette p\u00e9riode diff\u00e8rent beaucoup selon les th\u00e9ologiens qui se sont pench\u00e9s sur le sujet. Pour certains cette p\u00e9riode pr\u00e9c\u00e8de le <em>Ravissement<\/em>, pour d&rsquo;autres elle en est la suite.<\/p>\n<p><strong><a name=\"hiver\"><\/a>Hiver nucl\u00e9aire<\/strong><br \/>\n\u00c9tat hypoth\u00e9tique du monde apr\u00e8s des explosions nucl\u00e9aires suffisamment importantes pour charger\u00a0l\u2019atmosph\u00e8re\u00a0de poussi\u00e8res emp\u00eachant le soleil de r\u00e9chauffer efficacement la terre. On peut le comparer \u00e0 l&rsquo;hiver volcanique \u2014\u00a0poussi\u00e8res produites par une \u00e9ruption \u2014, ou \u00e0 l&rsquo;hiver d&rsquo;impact \u2014\u00a0poussi\u00e8res dues \u00e0 l&rsquo;impact sur terre d&rsquo;un ast\u00e9ro\u00efde, comme celui qui a creus\u00e9 le crat\u00e8re Chixulub il y a 65 millions d&rsquo;ann\u00e9es et a provoqu\u00e9 l&rsquo;extinction d&rsquo;une bonne partie des esp\u00e8ces vivantes \u00e0 la fin du Cr\u00e9tac\u00e9-Tertiaire.<\/p>\n<p><strong><a name=\"emp\"><\/a>Impulsion \u00e9lectromagn\u00e9tique<\/strong> (EMP)<br \/>\nL&rsquo;explosion d&rsquo;une bombe atomique, les vents solaires ou encore la foudre peuvent perturber les t\u00e9l\u00e9communications et le fonctionnement des appareils \u00e9lectriques et\u00a0\u00e9lectroniques. Une bombe atomique qui exploserait dans la stratosph\u00e8re, \u00e0 30km d&rsquo;altitude, peut exploiter cet effet pour paralyser toute une r\u00e9gion pendant une dur\u00e9e importante. On pense que cette arme tactique peut aussi causer des d\u00e9g\u00e2ts neurologiques. De nombreuses fictions utilisent l&rsquo;effet EMP comme point de d\u00e9part d&rsquo;une catastrophe, par exemple la s\u00e9rie <em>Dark Angel<\/em>.<\/p>\n<p><strong><a name=\"jugement\"><\/a>Jugement dernier<\/strong><br \/>\nDans le christianisme : r\u00e9surrection\u00a0des morts \u00e0 la fin des temps, apr\u00e8s la disparition de la terre. Chacun est jug\u00e9 en fonction de ses \u0153uvres. Dans l&rsquo;Islam, la m\u00eame notion est reprise avec le\u00a0<em>Yawm al-Qiy\u0101mah<\/em> (\u064a\u0648\u0645 \u0627\u0644\u0642\u064a\u0627\u0645\u0629\u200e), \u00ab\u00a0jour de la r\u00e9surection\u00a0\u00bb ou <em>Yawm ad-Din<\/em> (\u064a\u0648\u0645 \u0627\u0644\u062f\u064a\u0646\u200e), \u00ab\u00a0jour du jugement\u00a0\u00bb.<\/p>\n<p><strong><a name=\"millenarisme\"><\/a>Mill\u00e9narisme<\/strong><br \/>\nAu d\u00e9part, le mill\u00e9narisme est la croyance, chez les premiers chr\u00e9tiens, chez des auteurs comme Joachim de Flore et dans de nombreuses sectes \u00e9vang\u00e9listes, d&rsquo;un retour de J\u00e9sus Christ cens\u00e9 offrir le <em>Mill\u00e9nium<\/em>, qui consiste en mille ans de bonheur terrestre au terme duquel le dernier combat entre le bien et le mal adviendra et provoquera la fin des temps. L&rsquo;\u00e9glise catholique romaine a presque toujours combattu cette croyance (qui se doublait de revendication sociales fortes et mena\u00e7ait directement la puissance des \u00e9tats et de l&rsquo;\u00c9glise), s&rsquo;appuyant notamment sur Saint-Augustin qui affirmait que le <em>Millenium<\/em>\u00a0avait commenc\u00e9 \u00e0 la r\u00e9surrection du Christ, et pour qui le nombre \u00ab\u00a0mille\u00a0\u00bb ne devait pas \u00eatre pris au pied de la lettre mais \u00eatre interpr\u00e9t\u00e9 comme \u00ab\u00a0un tr\u00e8s grand nombre d&rsquo;ann\u00e9es\u00a0\u00bb.<br \/>\nLe mot mill\u00e9narisme est souvent employ\u00e9 pour d\u00e9crire aussi les superstitions li\u00e9es aux ann\u00e9es \u00e0 trois z\u00e9ros (an mil, an deux-mille) et pour d\u00e9crire la croyance dans des cycles historiques de mille ans.<\/p>\n<p><strong><a name=\"parousie\"><\/a>Parousie<\/strong><br \/>\nDu grec \u03a0\u03b1\u03c1\u03bf\u03c5\u03c3\u03af\u03b1 : pr\u00e9sence. Dans les religions chr\u00e9tiennes, la Parousie est le moment du retour de J\u00e9sus Christ \u00e0 la fin des temps, son second av\u00e8nement.<\/p>\n<p><strong><a name=\"postapo\"><\/a>Post-Apocalypse<\/strong><br \/>\nSous-genre des fictions sp\u00e9culatives qui d\u00e9crit le monde apr\u00e8s une catastrophe (par exemple l&rsquo;hiver nucl\u00e9aire) qui a d\u00e9truit l&rsquo;essentiel des structures politiques et sociales humaines, notamment.<\/p>\n<p><strong><a name=\"ragnarok\"><\/a>Ragnar\u00f6k<\/strong><br \/>\nDans la mythologie nordique, le Ragnar\u00f6k est la fin du monde. Trois hivers sans soleil se\u00a0succ\u00e9deront, suivis d&rsquo;une grande bataille sur la plaine de Vigrid, conduisant \u00e0 la mort de la majorit\u00e9 des divinit\u00e9s, des g\u00e9ants et des hommes, avant une renaissance, gr\u00e2ce \u00e0 un homme et une femme, L\u00edf et L\u00edf\u00ferasir. Ce r\u00e9cit, transcrit alors que la Scandinavie \u00e9tait d\u00e9j\u00e0 christianis\u00e9e, se m\u00e9lange un peu au livre des r\u00e9v\u00e9lations et \u00e0 la Gen\u00e8se, si ce n&rsquo;est que l&rsquo;Apocalypse semble se situer dans le pass\u00e9, et\/ou l&rsquo;histoire d&rsquo;Adam et Eve, dans le futur.<\/p>\n<p><strong><a name=\"survivalisme\"><\/a>Survivalisme<\/strong><br \/>\nLes \u00ab\u00a0survivalistes\u00a0\u00bb sont des personnes qui se pr\u00e9parent \u00e0 une catastrophe totale (typiquement, une guerre thermonucl\u00e9aire) en apprenant les techniques de survie mais aussi en stockant des armes et des vivres, en construisant des abris, en apprenant la m\u00e9decine d&rsquo;urgence, en se renseignant sur les effets des radiations, etc. Ils anticipent les probl\u00e8mes sanitaires et les questions d&rsquo;approvisionnement en nourriture, mais aussi les probl\u00e8mes li\u00e9s \u00e0 la disparition de toutes les structures de l&rsquo;\u00e9tat.<\/p>\n<p><strong><a name=\"WWIII\"><\/a>Troisi\u00e8me guerre mondiale<\/strong><br \/>\nLa Troisi\u00e8me guerre mondiale, qui n&rsquo;a pas eu lieu, est cens\u00e9e se faire \u00e0 l&rsquo;aide d&rsquo;armes de destruction capables de faire dispara\u00eetre la majorit\u00e9 de la vie sur terre, comme la bombe atomique. On cite souvent cette phrase d&rsquo;Einstein, dont il existe de nombreuses variantes et dont l&rsquo;attribution est apocryphe : <em>\u00ab\u00a0Je ne sais pas quelles armes seront utilis\u00e9es pour la troisi\u00e8me guerre mondiale, mais la quatri\u00e8me se\u00a0r\u00e9glera\u00a0\u00e0 coups de b\u00e2tons et de cailloux\u00a0\u00bb<\/em>.<\/p>\n","protected":false},"excerpt":{"rendered":"<p>(d\u00e9finitions pour la plupart plus ou moins emprunt\u00e9es \u00e0 Wikip\u00e9dia et au Wikitionaire) Apocalypse Du grec\u00a0\u1f00\u03c0\u03bf\u03ba\u03ac\u03bb\u03c5\u03c8\u03b9\u03c2 : \u00ab\u00a0r\u00e9v\u00e9lation\u00a0\u00bb, \u00ab\u00a0d\u00e9voilement\u00a0\u00bb, \u00ab\u00a0mise \u00e0 nu\u00a0\u00bb. Le livre des R\u00e9v\u00e9lations, ou Apocalypse, est attribu\u00e9 depuis le 2e si\u00e8cle de notre \u00e8re \u00e0 l&rsquo;\u00e9vang\u00e9liste Jean &hellip; <a href=\"https:\/\/hyperbate.fr\/finsdumonde\/definitions\/\">Continuer la lecture <span class=\"meta-nav\">&rarr;<\/span><\/a><\/p>\n","protected":false},"author":1,"featured_media":0,"parent":0,"menu_order":4,"comment_status":"open","ping_status":"open","template":"","meta":{"footnotes":""},"class_list":["post-133","page","type-page","status-publish","hentry"],"_links":{"self":[{"href":"https:\/\/hyperbate.fr\/finsdumonde\/wp-json\/wp\/v2\/pages\/133","targetHints":{"allow":["GET"]}}],"collection":[{"href":"https:\/\/hyperbate.fr\/finsdumonde\/wp-json\/wp\/v2\/pages"}],"about":[{"href":"https:\/\/hyperbate.fr\/finsdumonde\/wp-json\/wp\/v2\/types\/page"}],"author":[{"embeddable":true,"href":"https:\/\/hyperbate.fr\/finsdumonde\/wp-json\/wp\/v2\/users\/1"}],"replies":[{"embeddable":true,"href":"https:\/\/hyperbate.fr\/finsdumonde\/wp-json\/wp\/v2\/comments?post=133"}],"version-history":[{"count":0,"href":"https:\/\/hyperbate.fr\/finsdumonde\/wp-json\/wp\/v2\/pages\/133\/revisions"}],"wp:attachment":[{"href":"https:\/\/hyperbate.fr\/finsdumonde\/wp-json\/wp\/v2\/media?parent=133"}],"curies":[{"name":"wp","href":"https:\/\/api.w.org\/{rel}","templated":true}]}}