{"id":2,"date":"2012-09-15T08:51:53","date_gmt":"2012-09-15T08:51:53","guid":{"rendered":"http:\/\/hyperbate.fr\/dystopiae\/?page_id=2"},"modified":"2015-05-21T18:35:58","modified_gmt":"2015-05-21T17:35:58","slug":"page-d-exemple","status":"publish","type":"page","link":"https:\/\/hyperbate.fr\/dystopiae\/page-d-exemple\/","title":{"rendered":"Litt\u00e9rature"},"content":{"rendered":"<p><strong>Dystopies<\/strong><\/p>\n<ul>\n<li><a href=\"http:\/\/www.amazon.fr\/gp\/product\/2715215576\/ref=as_li_qf_sp_asin_tl?ie=UTF8&amp;tag=filmsvus-21&amp;linkCode=as2&amp;camp=1642&amp;creative=6746&amp;creativeASIN=2715215576\" target=\"_blank\"><em>Quand le dormeur s&rsquo;\u00e9veillera<\/em><\/a>, Herbert George Wells,\u00a01899<\/li>\n<li><em><a href=\"https:\/\/hyperbate.fr\/dernier\/?p=14702\" target=\"_blank\">Le Talon de fer<\/a><\/em>, Jack London, 1907<\/li>\n<li><em><a href=\"https:\/\/hyperbate.fr\/dernier\/?p=29208\" target=\"_blank\">The Machine Stops<\/a>,\u00a0<\/em>E. M. Forster, 1909<\/li>\n<li><a href=\"http:\/\/www.amazon.fr\/gp\/product\/2070286487\/ref=as_li_qf_sp_asin_tl?ie=UTF8&amp;tag=filmsvus-21&amp;linkCode=as2&amp;camp=1642&amp;creative=6746&amp;creativeASIN=2070286487\" target=\"_blank\"><em>Nous autres<\/em><\/a>, Ievgueni Zamiatine, 1920<\/li>\n<li><em>Le Proc\u00e8s<\/em>, Franz Kafka, 1925<\/li>\n<li><em><a href=\"http:\/\/www.amazon.fr\/gp\/product\/2266128566\/ref=as_li_qf_sp_asin_tl?ie=UTF8&amp;tag=filmsvus-21&amp;linkCode=as2&amp;camp=1642&amp;creative=6746&amp;creativeASIN=2266128566\">Le Meilleur des mondes<\/a><img decoding=\"async\" style=\"border: none !important; margin: 0px !important;\" src=\"http:\/\/www.assoc-amazon.fr\/e\/ir?t=filmsvus-21&amp;l=as2&amp;o=8&amp;a=2266128566\" alt=\"\" width=\"1\" height=\"1\" border=\"0\" \/><\/em>, Aldous Huxley, 1932<\/li>\n<li><a href=\"http:\/\/www.amazon.fr\/gp\/product\/0935312560\/ref=as_li_qf_sp_asin_tl?ie=UTF8&amp;tag=filmsvus-21&amp;linkCode=as2&amp;camp=1642&amp;creative=6746&amp;creativeASIN=0935312560\" target=\"_blank\"><em>Swastika night<\/em><\/a>,\u00a0Katharine Burdekin\/Murray Constantine, 1937<\/li>\n<li><em>Anthem<\/em>, Ayan Rand, 1937<\/li>\n<li><a href=\"https:\/\/hyperbate.fr\/dernier\/?p=15936\" target=\"_blank\"><em>La Kalloca\u00efne<\/em><\/a>, Karin Boye, 1940<\/li>\n<li><em>Le Z\u00e9ro et l&rsquo;Infini<\/em>, Arthur Koestler, 1941<\/li>\n<li><a href=\"http:\/\/www.amazon.fr\/gp\/product\/207036822X\/ref=as_li_qf_sp_asin_tl?ie=UTF8&amp;tag=filmsvus-21&amp;linkCode=as2&amp;camp=1642&amp;creative=6746&amp;creativeASIN=207036822X\" target=\"_blank\"><em>1984<\/em><\/a>, George Orwell, 1949<\/li>\n<li><a href=\"http:\/\/www.amazon.fr\/gp\/product\/2070415732\/ref=as_li_qf_sp_asin_tl?ie=UTF8&amp;tag=filmsvus-21&amp;linkCode=as2&amp;camp=1642&amp;creative=6746&amp;creativeASIN=2070415732\" target=\"_blank\"><em>Fahrenheit 451<\/em><\/a>, Ray Bradbury, 1953<\/li>\n<li><a href=\"https:\/\/hyperbate.fr\/dernier\/?p=8331\" target=\"_blank\"><em>Un bonheur insoutenable<\/em><\/a>, \u00a0Ira Levin,\u00a01970<\/li>\n<li><em>Les G\u00e9ants<\/em>, J.M.G. Le Cl\u00e9zio, 1973<\/li>\n<li><em>Marche ou cr\u00e8ve<\/em>, Stephen King (Richard Bachman), 1975<\/li>\n<li><em><a href=\"http:\/\/www.amazon.fr\/gp\/product\/2221103769\/ref=as_li_qf_sp_asin_tl?ie=UTF8&amp;tag=filmsvus-21&amp;linkCode=as2&amp;camp=1642&amp;creative=6746&amp;creativeASIN=2221103769\">La servante \u00e9carlate<\/a><\/em>, Margaret Atwood, 1985<\/li>\n<\/ul>\n<p><strong>Utopies<\/strong><\/p>\n<ul>\n<li><em>La R\u00e9publique<\/em>, Platon, ~380 avant notre \u00e8re<\/li>\n<li><em>Trait\u00e9 des opinions des habitants de la cit\u00e9 vertueuse<\/em>, Al-F\u00e2r\u00e2b\u00ee, x<sup>e<\/sup>\u00a0si\u00e8cle<\/li>\n<li><em>Utopia<\/em>, Thomas More, 1518<\/li>\n<li><em>Gargantua (L&rsquo;Abbaye de Th\u00e9l\u00e8me),<\/em>\u00a0Fran\u00e7ois\u00a0Rabelais, 1534<\/li>\n<li><em>La Nouvelle Atlantide<\/em>,\u00a0Francis Bacon, fin\u00a0xvi<sup>e<\/sup>\u00a0si\u00e8cle, d\u00e9but\u00a0xvii<sup>e<\/sup>\u00a0si\u00e8cle<\/li>\n<li><em>La Cit\u00e9 du Soleil<\/em>,\u00a0Tommaso Campanella, 1623<\/li>\n<li><em>Le Criticon<\/em>,\u00a0Baltasar Graci\u00e1n, 1651<\/li>\n<li><em>Histoire comique des \u00c9tats et Empires de la Lune<\/em>, Cyrano de Bergerac, 1657<\/li>\n<li><em>La Terre Australe connue<\/em>,\u00a0Gabriel de Foigny, 1676<\/li>\n<li><em>Histoire des Sevarambes<\/em>, Denis Vairasse, 1677<\/li>\n<li><em>Les Aventures de T\u00e9l\u00e9maque<\/em>, F\u00e9nelon, 1699<\/li>\n<li><em>Histoire G\u00e9n\u00e9rale des Pyrates de typiak<\/em>, Daniel Defoe, 1724<\/li>\n<li><em>L&rsquo;\u00cele des esclaves<\/em>\u00a0et\u00a0<em>La Colonie<\/em>, Marivaux, 1725<\/li>\n<li><em>Voyage au pays de Houyhnhnms (<\/em>Voyages de Gulliver), Jonathan Swift, 1726<\/li>\n<li><em>Candide<\/em>,\u00a0Voltaire, 1759<\/li>\n<li><em>La V\u00e9rit\u00e9, ou le Vrai syst\u00e8me<\/em>, L\u00e9ger Marie Deschamps, ~1750<\/li>\n<li><em>La Princesse de Babylone<\/em>, Voltaire, 1768<\/li>\n<li><em>La D\u00e9couverte australe\u00a0par un homme volant,\u00a0<\/em>Restif de la Bretonne, \u00a01781<\/li>\n<li><em>L&rsquo;An 2440<\/em>\u00a0de\u00a0Louis S\u00e9bastien Mercier, 1786<\/li>\n<li><em>Paul et Virginie<\/em>, Bernardin de Saint-Pierre, 1789<\/li>\n<li><em>L&rsquo;Isle des philosophes<\/em>, Abb\u00e9 Balthazard, 1790<\/li>\n<li><em>Aline et Valcour<\/em>, Marquis de Sade, 1795<\/li>\n<li><em>Nouveau christianisme<\/em>, Claude Henri de Saint-Simon, 1825<\/li>\n<li><em>Le\u00a0Phalanst\u00e8re<\/em>, Charles Fourier, ~1830<\/li>\n<li><em>Voyage en Icarie<\/em>\u00a0d&rsquo;\u00c9tienne Cabet, 1840<\/li>\n<li><em>Les Cinq Cents Millions de la B\u00e9gum<\/em>, Jules Verne, 1879<\/li>\n<li><em>Loocking Backward,\u00a0<\/em>Edward Bellamy, 1888<\/li>\n<li><em>Nouvelles de Nulle Part ou Une \u00c8re de Repos,\u00a0<\/em>William Morris, 1890<\/li>\n<li><em>Hygeia\u00a0: a city of Health<\/em>, Benjamin Ward Richardson, 1890<\/li>\n<li><em>L&rsquo;\u00cele Myst\u00e9rieuse<\/em>, Jules Verne, 1874<\/li>\n<li><a href=\"http:\/\/archive.org\/details\/acrystalage00hudsgoog\" target=\"_blank\"><em>A Crystal Age<\/em><\/a>, W.H. Hudson,\u00a01887<\/li>\n<li><em>Une Utopie Moderne<\/em>,\u00a0Herbert George Wells, 1905<\/li>\n<li><\/li>\n<li><em>La Visite du capitaine Temp\u00eate dans le ciel<\/em>,\u00a0Mark Twain, 1909<\/li>\n<li><em>Gestes et opinions du docteur Faustroll, pataphysicien<\/em>, Alfred Jarry, 1911<\/li>\n<li><em>Utopolis<\/em>,\u00a0Werner Illing, 1930<\/li>\n<li><em>Le jeu des perles de verre<\/em>,\u00a0Hermann Hesse, 1943<\/li>\n<li><em>Ile<\/em>,\u00a0Aldous Huxley, 1962<\/li>\n<li><em>La Nuit des temps<\/em>, Ren\u00e9 Barjavel, 1968<\/li>\n<li><em>Les Villes Invisibles<\/em>, Italo Calvino, 1972<\/li>\n<li><em>Les D\u00e9poss\u00e9d\u00e9s<\/em>\u00a0de\u00a0Ursula Le Guin, 1974<\/li>\n<li><em>\u00c9cotopie<\/em>,\u00a0Ernest Callenbach, 1975<\/li>\n<li><em>Adieux au prol\u00e9tariat<\/em>, Andr\u00e9 Gorz, 1980<\/li>\n<li><em>La Qu\u00e9b\u00e9cie<\/em>,\u00a0Francine Lachance, 1990<\/li>\n<li><em>Le passeur<\/em>, Lois Lowry,\u00a01994<\/li>\n<li><em>L&rsquo;\u00cele des Gauchers<\/em>,\u00a0Alexandre Jardin, 1995<\/li>\n<li><em>Nous les dieux<\/em>,\u00a0Bernard Werber, 2004<\/li>\n<li><em>La possibilit\u00e9 d&rsquo;une \u00eele<\/em>,\u00a0Michel Houellebecq, 2005<\/li>\n<\/ul>\n","protected":false},"excerpt":{"rendered":"<p>Dystopies Quand le dormeur s&rsquo;\u00e9veillera, Herbert George Wells,\u00a01899 Le Talon de fer, Jack London, 1907 The Machine Stops,\u00a0E. M. Forster, 1909 Nous autres, Ievgueni Zamiatine, 1920 Le Proc\u00e8s, Franz Kafka, 1925 Le Meilleur des mondes, Aldous Huxley, 1932 Swastika night,\u00a0Katharine &hellip; <a href=\"https:\/\/hyperbate.fr\/dystopiae\/page-d-exemple\/\">Continuer la lecture <span class=\"meta-nav\">&rarr;<\/span><\/a><\/p>\n","protected":false},"author":1,"featured_media":0,"parent":0,"menu_order":0,"comment_status":"open","ping_status":"open","template":"","meta":{"footnotes":""},"class_list":["post-2","page","type-page","status-publish","hentry"],"_links":{"self":[{"href":"https:\/\/hyperbate.fr\/dystopiae\/wp-json\/wp\/v2\/pages\/2","targetHints":{"allow":["GET"]}}],"collection":[{"href":"https:\/\/hyperbate.fr\/dystopiae\/wp-json\/wp\/v2\/pages"}],"about":[{"href":"https:\/\/hyperbate.fr\/dystopiae\/wp-json\/wp\/v2\/types\/page"}],"author":[{"embeddable":true,"href":"https:\/\/hyperbate.fr\/dystopiae\/wp-json\/wp\/v2\/users\/1"}],"replies":[{"embeddable":true,"href":"https:\/\/hyperbate.fr\/dystopiae\/wp-json\/wp\/v2\/comments?post=2"}],"version-history":[{"count":2,"href":"https:\/\/hyperbate.fr\/dystopiae\/wp-json\/wp\/v2\/pages\/2\/revisions"}],"predecessor-version":[{"id":72,"href":"https:\/\/hyperbate.fr\/dystopiae\/wp-json\/wp\/v2\/pages\/2\/revisions\/72"}],"wp:attachment":[{"href":"https:\/\/hyperbate.fr\/dystopiae\/wp-json\/wp\/v2\/media?parent=2"}],"curies":[{"name":"wp","href":"https:\/\/api.w.org\/{rel}","templated":true}]}}