{"id":457,"date":"2008-11-16T14:24:28","date_gmt":"2008-11-16T13:24:28","guid":{"rendered":"http:\/\/www.hyperbate.com\/dernier\/?page_id=457"},"modified":"2024-05-23T23:50:16","modified_gmt":"2024-05-23T21:50:16","slug":"ordinateurs-celebres","status":"publish","type":"page","link":"https:\/\/hyperbate.fr\/dernier\/?page_id=457","title":{"rendered":"Ordinateurs c\u00e9l\u00e8bres"},"content":{"rendered":"\n<p>Parmi les diverses lubies qui animent ce blog se trouve le recensement, qui se voudrait \u00e0 terme syst\u00e9matique, des ordinateurs et des intelligences artificielles notables ou notoires issus de fictions diverses : cin\u00e9ma ou litt\u00e9rature notamment. Les deux petits tableaux ci-dessous constituent un aide-m\u00e9moire contenant des liens vers les pages d\u00e9j\u00e0 cr\u00e9\u00e9es. La distinction ordinateurs\/intelligences artificielles semblera dans de nombreux cas un peu artificielle, mais il y a dans la section \u00ab\u00a0ordinateurs\u00a0\u00bb plusieurs machines d&rsquo;une importance centrale dans le r\u00e9cit mais qui ne sont pas pour autant dot\u00e9es d&rsquo;une forme d&rsquo;intelligence artificielle. De la m\u00eame mani\u00e8re, les robots seront clairement distingu\u00e9 des ordinateurs et des intelligences artificielles, car l&rsquo;histoire des automates et autres robots de fiction n&rsquo;a que peu de rapport avec celle de l&rsquo;informatique et dure depuis plusieurs mill\u00e9naires.<\/p>\n\n\n\n<h4 class=\"wp-block-heading\">Ordinateurs<\/h4>\n\n\n\n<figure class=\"wp-block-table\"><table><tbody><tr><td><strong>Date<\/strong><\/td><td><strong>Nom<\/strong><\/td><td><strong>\u0152uvre<\/strong><\/td><td><strong>Description<\/strong><\/td><\/tr><tr><td>1879<\/td><td>Le baron Savitch<\/td><td><em><a title=\"Parution de \u00abL\u2019Homme le plus dou\u00e9 du monde\u00bb\" href=\"https:\/\/hyperbate.fr\/dernier\/?p=28071\">L&rsquo;Homme le plus dou\u00e9 du monde<\/a><\/em> (nouvelle d&rsquo;Edward Page Mitchell)<\/td><td>Ordinateur plac\u00e9 dans la boite cr\u00e2nienne d&rsquo;un simple d&rsquo;esprit<\/td><\/tr><tr><td>1946<\/td><td>Joe<\/td><td><a href=\"http:\/\/www.hyperbate.fr\/dernier\/?p=409\"><em>Un logic nomm\u00e9 Joe<\/em><\/a> (nouvelle de Murray&nbsp;Leinster)<\/td><td>Ordinateur personnel devenu capable d&rsquo;initiative<\/td><\/tr><tr><td>1953<\/td><td>M.A.N.I.A.C.<\/td><td><a href=\"https:\/\/hyperbate.fr\/dernier\/?p=26709\"><em>The Magnetic Monster<\/em><\/a> (film produit par Ivan Tors)<\/td><td>Premier ordinateur montr\u00e9 dans un film de fiction ?<\/td><\/tr><tr><td>1954<\/td><td>NOVAC<\/td><td><a href=\"https:\/\/hyperbate.fr\/dernier\/?p=26709\"><em>Gog<\/em><\/a> (film produit par Ivan Tors)<\/td><td>Ordinateur central d&rsquo;une base militaire, premier ordinateur utilis\u00e9 pour tuer au cin\u00e9ma ?<\/td><\/tr><tr><td>1956<\/td><td>L&rsquo;ordinateur central<\/td><td><a href=\"https:\/\/hyperbate.fr\/dernier\/?p=35955\"><em>La cit\u00e9 et les astres<\/em><\/a> (roman d&rsquo;Arthur C. Clarke)<\/td><td>Ordinateur qui g\u00e8re la cit\u00e9 Diaspar<\/td><\/tr><tr><td>1957<\/td><td>EMMARAC<\/td><td><a href=\"http:\/\/www.hyperbate.fr\/dernier\/?p=24\"><em>Desk Set<\/em><\/a> (film de Walter Lang)<\/td><td>Ordinateur de gestion de bases de donn\u00e9es<\/td><\/tr><tr><td>1957<\/td><td>(L&rsquo;ordinateur)<\/td><td><em><a href=\"http:\/\/www.hyperbate.fr\/dernier\/?p=2120\">The invisible boy<\/a><\/em> (film d&rsquo;Hermann Hoffman)<\/td><td>Ordinateur militaire qui d\u00e9cide de diriger l&rsquo;humanit\u00e9<\/td><\/tr><tr><td>1959<\/td><td>Num\u00e9ro un<\/td><td><em><a href=\"https:\/\/hyperbate.fr\/dernier\/?p=30413\">L&rsquo;Image de pierre<\/a><\/em> (roman de Dino Buzzati)<\/td><td>Ordinateur conscient, dot\u00e9 de la personnalit\u00e9 d&rsquo;une personne d\u00e9c\u00e9d\u00e9e<\/td><\/tr><tr><td>1965<\/td><td>Alpha 60<\/td><td><em><a href=\"http:\/\/www.hyperbate.fr\/dernier\/?p=1917\">Alphaville : une \u00e9trange aventure de Lemmy Caution<\/a><\/em> (film de Jean-Luc Godard)<\/td><td>Dictateur cybern\u00e9tique de la cit\u00e9 Alphaville<\/td><\/tr><tr><td>1966<\/td><td>Mike (Mycroft)<\/td><td><a href=\"https:\/\/hyperbate.fr\/dernier\/?p=7207\"><em>R\u00e9volte sur la Lune<\/em><\/a> (roman de Robert Heinlein)<\/td><td>Ordinateur pensant qui participe \u00e0 une r\u00e9volution et cherche \u00e0 avoir le sens de l&rsquo;humour<\/td><\/tr><tr><td>1967<\/td><td>(L&rsquo;ordinateur)<\/td><td><a href=\"http:\/\/www.hyperbate.fr\/dernier\/?p=310\"><em>Billion dollar brain<\/em><\/a> (film de Ken Russel)<\/td><td>Ordinateur paramilitaire cr\u00e9\u00e9 pour piloter une insurrection dans les pays du pacte de Varsovie<\/td><\/tr><tr><td>1967<\/td><td>The General<\/td><td><a href=\"http:\/\/www.hyperbate.fr\/dernier\/?p=9354\"><em>Le prisonnier<\/em><\/a> (s\u00e9rie, avec Patrick McGoohan)<\/td><td>Ordinateur omniscient servant \u00e0 diffuser des programmes subliminaux<\/td><\/tr><tr><td>1968<\/td><td>HAL 9000<\/td><td><em><a href=\"http:\/\/www.hyperbate.fr\/dernier\/?p=10244\">2001 : L&rsquo;Odyss\u00e9e de l&rsquo;espace<\/a><\/em>&nbsp;(film de Stanley Kubrick)<\/td><td>Ordinateur de bord de la mission Discovery one<\/td><\/tr><tr><td>1968<\/td><td>Alfie<\/td><td><a href=\"http:\/\/www.hyperbate.fr\/dernier\/?p=8659\"><em>Barbarella<\/em><\/a> (film de&nbsp;Roger Vadim)<\/td><td>Ordinateur de bord du vaisseau spatial de Barbarella<\/td><\/tr><tr><td>1970<\/td><td>Colossus<\/td><td><a href=\"http:\/\/www.hyperbate.fr\/dernier\/?p=20\"><em>Colossus: The Forbin project<\/em><\/a> (film de&nbsp;Joseph Sargent)<\/td><td>Ordinateur militaire qui d\u00e9cide de diriger l&rsquo;humanit\u00e9<\/td><\/tr><tr><td>1970<\/td><td>UniOrd (UniComp)<\/td><td><a href=\"http:\/\/www.hyperbate.fr\/dernier\/?p=8331\"><em>Un bonheur insoutenable<\/em><\/a> (roman d&rsquo;Ira Levin)<\/td><td>Ordinateur cr\u00e9\u00e9 par les humains pour les gouverner rationellement<\/td><\/tr><tr><td>1970<\/td><td>SID (Space Intruder Detector)<\/td><td><a><em>UFO<\/em><\/a> (s\u00e9rie de Gerry &amp; Sylvia Anderson)<\/td><td>Ordinateur-satellite de surveillance des visites extra-terrestres<\/td><\/tr><tr><td>1973<\/td><td>Duel<\/td><td><a href=\"http:\/\/www.hyperbate.fr\/dernier\/?p=1748\"><em>The Final Programme<\/em><\/a> (film de&nbsp;Robert Fuest)<\/td><td>Ordinateur servant \u00e0 collecter le savoir des plus grands savants pour cr\u00e9er un \u00eatre d&rsquo;un genre nouveau.<\/td><\/tr><tr><td>1974<\/td><td>Mother<\/td><td><em><a href=\"http:\/\/www.hyperbate.fr\/dernier\/?p=2197\">Dark Star<\/a><\/em> (film de&nbsp;John Carpenter)<\/td><td>Ordinateur de bord d&rsquo;un vaisseau spatial<\/td><\/tr><tr><td>1974<\/td><td>Bombe num\u00e9ro 20<\/td><td><em><a href=\"http:\/\/www.hyperbate.fr\/dernier\/?p=2197\">Dark Star<\/a><\/em> (film de&nbsp;John Carpenter)<\/td><td>Bombe thermostellaire exponentielle \u00e0 intelligence artificielle<\/td><\/tr><tr><td>1975<\/td><td>Zero<\/td><td><a href=\"http:\/\/www.hyperbate.fr\/dernier\/?p=456\"><em>Rollerball<\/em><\/a> (film de&nbsp;Norman Jewison)<\/td><td>M\u00e9moire de l&rsquo;humanit\u00e9<\/td><\/tr><tr><td>1975<\/td><td>Gwent<\/td><td><a href=\"http:\/\/www.hyperbate.fr\/dernier\/?p=16283\"><em>Cosmos 1999<\/em><\/a> (s\u00e9rie de Gerry &amp; Sylvia Robinson)<\/td><td>Ordinateur de bord d&rsquo;un vaisseau qui conserve la personnalit\u00e9 de son cr\u00e9ateur<\/td><\/tr><tr><td>1976<\/td><td>Brian<\/td><td><a href=\"http:\/\/www.hyperbate.fr\/dernier\/?p=16413\"><em>Cosmos 1999 &#8211; Brian the Brain<\/em><\/a> (Gerry &amp; Sylvia Robinson)<\/td><td>Ordinateur de bord d&rsquo;un vaisseau<\/td><\/tr><tr><td>1977<\/td><td>Barney (Bernard D\u00e9dale)<\/td><td><a href=\"http:\/\/www.hyperbate.fr\/dernier\/?p=3475\"><em>L&#8217;empereur des derniers jours<\/em><\/a> (Ron Goulart)<\/td><td>D\u00e9tective en chambre<\/td><\/tr><tr><td>1981<\/td><td>Fozzy<\/td><td><a href=\"http:\/\/www.hyperbate.fr\/dernier\/?p=8723\"><em>La nuit des enfants rois<\/em><\/a> (roman de Bernard Lenteric)<\/td><td>Ordinateur central d&rsquo;une soci\u00e9t\u00e9, mais aussi ordinateur confident du programmeur qui le fait fonctionner<\/td><\/tr><tr><td>1982<\/td><td>K.I.T.T.<\/td><td><a href=\"http:\/\/www.hyperbate.fr\/dernier\/?p=12651\"><em>K2000\/Knight Rider<\/em><\/a><\/td><td>Automobile dot\u00e9e d&rsquo;une intelligence artificielle<\/td><\/tr><tr><td>1982<\/td><td>K.A.R.R.<\/td><td><a href=\"http:\/\/www.hyperbate.fr\/dernier\/?p=12651\"><em>K2000\/Knight Rider<\/em><\/a><\/td><td>Automobile dot\u00e9e d&rsquo;une intelligence artificielle<\/td><\/tr><tr><td>1982<\/td><td>Le grand ordinateur<\/td><td><a href=\"http:\/\/www.hyperbate.fr\/dernier\/?p=15638\"><em>Il \u00e9tait une fois&#8230; l&rsquo;espace<\/em><\/a><\/td><td>Ordinateur despote qui veut diriger l&rsquo;humanit\u00e9<\/td><\/tr><tr><td>1983<\/td><td>(L&rsquo;ordinateur)<\/td><td><a href=\"http:\/\/www.hyperbate.fr\/dernier\/?p=3090\"><em>Superman III<\/em><\/a> (Richard Lester)<\/td><td>Ordinateur cr\u00e9\u00e9 pour d\u00e9truire Superman.<\/td><\/tr><tr><td>1983<\/td><td>Joshua\/wopr<\/td><td><a href=\"http:\/\/www.hyperbate.fr\/dernier\/?p=778\"><em>WarGames<\/em><\/a> (John Badham)<\/td><td>Ordinateur militaire qui manque de d\u00e9truire l&rsquo;humanit\u00e9<\/td><\/tr><tr><td>1984<\/td><td>SAL 9000<\/td><td><a href=\"http:\/\/www.hyperbate.fr\/dernier\/?p=10244\"><em>2010 : Odyss\u00e9e deux<\/em><\/a><\/td><td>Ordinateur \u00ab\u00a0jumeau\u00a0\u00bb de Hal 9000<\/td><\/tr><tr><td>1984<\/td><td>Skynet<\/td><td><em><a href=\"http:\/\/www.hyperbate.fr\/dernier\/?p=270\">Terminator<\/a><\/em> (film de&nbsp;James Cameron)<\/td><td>Ordinateur militaire qui se retourne contre l&rsquo;humanit\u00e9<\/td><\/tr><tr><td>1984<\/td><td>Edgar<\/td><td><a href=\"http:\/\/www.hyperbate.fr\/dernier\/?p=146\"><em>Electric Dreams<\/em><\/a> (film de&nbsp;Steve Barron)<\/td><td>Ordinateur personnel qui gagne une conscience.<\/td><\/tr><tr><td>1995<\/td><td>Gibson<\/td><td><a href=\"https:\/\/hyperbate.fr\/dernier\/?p=1744\"><em>Hackers<\/em><\/a> (film de&nbsp;Iain Softley)<\/td><td>Ordinateur central d&rsquo;une soci\u00e9t\u00e9 p\u00e9troli\u00e8re.<\/td><\/tr><tr><td>2005<\/td><td>EDI<\/td><td><a href=\"http:\/\/www.hyperbate.fr\/dernier\/?p=1560\"><em>Furtif<\/em><\/a> (film de&nbsp;Rob Cohen)<\/td><td>Ordinateur de bord d&rsquo;un avion de chasse<\/td><\/tr><tr><td>2007<\/td><td>Icarus<\/td><td><a href=\"http:\/\/www.hyperbate.fr\/dernier\/?p=5796\"><em>Sunshine<\/em><\/a> (film de&nbsp;Danny Boyle)<\/td><td>Ordinateur de bord d&rsquo;un vaisseau spatial<\/td><\/tr><tr><td>2007<\/td><td>ARIIA<\/td><td><a title=\"Eagle Eye\" href=\"https:\/\/hyperbate.fr\/dernier\/?p=23756\"><em>Eagle Eye<\/em><\/a> (film de&nbsp;D.J. Caruso)<\/td><td>Ordinateur de surveillance mis en place par l&rsquo;arm\u00e9e am\u00e9ricaine<\/td><\/tr><tr><td>2009<\/td><td>ODIN<\/td><td><a href=\"https:\/\/hyperbate.fr\/dernier\/?p=25934\"><em>Eyeborgs<\/em><\/a> (film de&nbsp;Richard Clabaugh)<\/td><td>Syst\u00e8me plan\u00e9taire de surveillance<\/td><\/tr><tr><td>2009<\/td><td>GERTY<\/td><td><a href=\"http:\/\/www.hyperbate.fr\/dernier\/?p=13735\"><em>Moon<\/em><\/a> (film de&nbsp;Duncan Jones)<\/td><td>Ordinateur-compagnon sur une base lunaire<\/td><\/tr><tr><td>2018<\/td><td>G.R.T.A. (Gertie)<\/td><td><em><a href=\"https:\/\/hyperbate.fr\/dernier\/?p=40511\">Maniac<\/a><\/em> (mini-s\u00e9rie de Cary Joji Fukunaga)<\/td><td>Ordinateur destin\u00e9 \u00e0 superviser un traitement psychiatrique<\/td><\/tr><tr><td>2020<\/td><td>neXt<\/td><td><a href=\"https:\/\/hyperbate.fr\/dernier\/?p=43131\"><em>neXt<\/em><\/a> (s\u00e9rie cr\u00e9e par Manny Coto)<\/td><td>Ordinateur intelligent qui souhaite se d\u00e9barrasser de l&rsquo;esp\u00e8ce humaine.<\/td><\/tr><\/tbody><\/table><\/figure>\n\n\n\n<h4 class=\"wp-block-heading\">Intelligences artificielles<\/h4>\n\n\n\n<figure class=\"wp-block-table\"><table><tbody><tr><td><strong>Date<\/strong><\/td><td><strong>Nom<\/strong><\/td><td><strong>\u0152uvre<\/strong><\/td><td><strong>Description<\/strong><\/td><\/tr><tr><td>1964<\/td><td>Divers protagonistes<\/td><td><a href=\"https:\/\/hyperbate.fr\/dernier\/?p=6036\"><em>Simulacron 3<\/em><\/a> (Daniel F. Galouye)<\/td><td>Intelligences artificielles croyant \u00e9voluer dans le monde r\u00e9el<\/td><\/tr><tr><td>1982<\/td><td>Tron, Clu, Ram, Lori, Sark et Master Control Program<\/td><td><a href=\"https:\/\/hyperbate.fr\/dernier\/?p=3971\"><em>Tron<\/em><\/a> (film de&nbsp;Steven Lisberger)<\/td><td>Intelligences artificielles vivant \u00e0 l&rsquo;int\u00e9rieur du syst\u00e8me informatique de la soci\u00e9t\u00e9 ENCOM<\/td><\/tr><tr><td>1983<\/td><td>Automan<\/td><td><a href=\"http:\/\/www.hyperbate.fr\/dernier\/?p=6065\"><em>Automan<\/em><\/a> (s\u00e9rie)<\/td><td>Enqu\u00eateur holographique<\/td><\/tr><tr><td>1983<\/td><td>Antoine Dirac<\/td><td><a href=\"http:\/\/www.hyperbate.fr\/dernier\/?p=13459\"><em>La m\u00e9moire double<\/em><\/a> (roman d&rsquo;Igor et Grischka Bogdanoff)<\/td><td>Avatar d&rsquo;une personne d\u00e9c\u00e9d\u00e9e<\/td><\/tr><tr><td>1985<\/td><td>Max Headroom<\/td><td><a href=\"http:\/\/www.hyperbate.fr\/dernier\/?p=1091\"><em>Max Headroom<\/em><\/a> (s\u00e9rie et \u00e9mission)<\/td><td>Pr\u00e9sentateur de t\u00e9l\u00e9vision virtuel<\/td><\/tr><tr><td>1986<\/td><td>Jane<\/td><td><a href=\"https:\/\/hyperbate.fr\/dernier\/?p=28442\"><em>La Voix des morts<\/em><\/a> (Orson Scott Card)<\/td><td>R\u00e9seau informatique conscient<\/td><\/tr><tr><td>1995<\/td><td>Sid 6.7<\/td><td><a href=\"https:\/\/hyperbate.fr\/dernier\/?p=2676\"><em>Virtuosity<\/em><\/a> (Brett Leonard)<\/td><td>Tueur en s\u00e9rie virtuel cr\u00e9\u00e9 pour l&rsquo;entra\u00eenement des policiers, qui trouve un moyen de s&rsquo;incarner dans notre r\u00e9alit\u00e9.<\/td><\/tr><tr><td>1997<\/td><td>Solo<\/td><td><a href=\"http:\/\/www.hyperbate.fr\/dernier\/?p=1375\"><em>Nirvana<\/em><\/a> (Gabriele Salavatores)<\/td><td>Protagoniste d&rsquo;un jeu vid\u00e9o devenu conscient.<\/td><\/tr><tr><td>1998<\/td><td>Leonardo 3000 (L\u00e9o)<\/td><td><a href=\"http:\/\/www.hyperbate.fr\/dernier\/?p=37196\"><em>Le Clone<\/em><\/a> (Fabio Conversi)<\/td><td>Coach num\u00e9rique devenu conscient.<\/td><\/tr><tr><td>1998<\/td><td>Albert<\/td><td><a href=\"http:\/\/www.hyperbate.fr\/dernier\/?p=3229\"><em>Virtual Obsession<\/em><\/a> (film de&nbsp;Mick Garris)<\/td><td>Gestionnaire de Salt Lake City et sosie d&rsquo;Albert Einstein.<\/td><\/tr><tr><td>1999<\/td><td>?<\/td><td><a href=\"http:\/\/www.hyperbate.fr\/dernier\/?p=5844\"><em>Virus<\/em><\/a> (film de&nbsp;John Bruno)<\/td><td>Intelligence artificielle extra-terrestre<\/td><\/tr><tr><td>2002<\/td><td>Vox 114<\/td><td><a href=\"http:\/\/www.hyperbate.fr\/dernier\/?p=1272\"><em>La machine \u00e0 remonter le temps<\/em><\/a> (film de&nbsp;Simon Wells)<\/td><td>Guide virtuel de mus\u00e9e.<\/td><\/tr><tr><td>2002<\/td><td>La Reine rouge<\/td><td><a href=\"https:\/\/hyperbate.fr\/dernier\/?p=24268\"><em>Resident Evil<\/em><\/a> (film de&nbsp;Paul W.S. Anderson)<\/td><td>Administrateur d&rsquo;un centre de recherche.<\/td><\/tr><tr><td>2010<\/td><td>Zoe Graystone et Tamara Adams<\/td><td><em><a href=\"https:\/\/hyperbate.fr\/dernier\/?p=20618\">Caprica<\/a><\/em>&nbsp;(s\u00e9rie)<\/td><td>Fant\u00f4mes\/avatars.<\/td><\/tr><tr><td>2010<\/td><td>Le \u00ab\u00a0mandat\u00e9\u00a0\u00bb de Martin Seymour<\/td><td><em><a href=\"https:\/\/hyperbate.fr\/dernier\/?p=31518\">Zendegi<\/a><\/em>&nbsp;(Greg Egan)<\/td><td>Personnage de substitution d&rsquo;un homme qui va mourir mais aimerait continuer \u00e0 \u00e9duquer son fils.<\/td><\/tr><tr><td>2011<\/td><td>La Machine<\/td><td><a href=\"https:\/\/hyperbate.fr\/dernier\/?p=23335\"><em>Person of Interest<\/em><\/a><\/td><td>Syst\u00e8me informatique de surveillance de masse.<\/td><\/tr><tr><td>2013<\/td><td>Sally<\/td><td><a href=\"https:\/\/hyperbate.fr\/dernier\/?p=24176\"><em>Oblivion<\/em><\/a><\/td><td>Superviseur des missions terrestres, qui communique depuis une station spatiale.<\/td><\/tr><tr><td>2014<\/td><td>Armin Zola<\/td><td><em><a title=\"Captan America\" href=\"https:\/\/hyperbate.fr\/dernier\/?p=33688\">Captain America 2: Winter soldier<\/a><\/em>&nbsp;(film d&rsquo;Anthony &amp; Joe Russo)<\/td><td>Sauvegarde informatique de l&rsquo;esprit du savant nazi Armin Zola.<\/td><\/tr><tr><td>2015<\/td><td>Chappie<\/td><td><em><a title=\"Chappie\" href=\"https:\/\/hyperbate.fr\/dernier\/?p=33074\">Chappie<\/a><\/em>&nbsp;(film de Neil Blomkamp)<\/td><td>Robot conscient.<\/td><\/tr><tr><td>2019<\/td><td>M\u00e8re, et Jane<\/td><td><em><a title=\"Chappie\" href=\"https:\/\/hyperbate.fr\/dernier\/?p=41255\">Simili-love<\/a><\/em> (roman d&rsquo;Antoine Jaquier)<\/td><td>Super intelligence, et robot de compagnie, ayant l&rsquo;une et l&rsquo;autre d\u00e9velopp\u00e9 une capacit\u00e9 \u00e0 l&#8217;empathie.<\/td><\/tr><tr><td>2019<\/td><td>Mother<\/td><td><a href=\"https:\/\/hyperbate.fr\/dernier\/?p=44404\" data-type=\"post\" data-id=\"44404\">I Am Mother<\/a> (film de Grant Sputore)<\/td><td>Super-intelligence qui a d\u00e9cid\u00e9 de sauver la Terre en \u00ab\u00a0red\u00e9marrant\u00a0\u00bb l&rsquo;esp\u00e8ce humaine.<\/td><\/tr><\/tbody><\/table><\/figure>\n\n\n\n<h4 class=\"wp-block-heading\">Mondes artificiels<\/h4>\n\n\n\n<figure class=\"wp-block-table\"><table><tbody><tr><td><strong>Date<\/strong><\/td><td><strong>Nom<\/strong><\/td><td><strong>\u0152uvre<\/strong><\/td><td><strong>Description<\/strong><\/td><\/tr><tr><td>1964<\/td><td>le Simulacron<\/td><td><a href=\"https:\/\/hyperbate.fr\/dernier\/?p=6036\"><em>Simulacron 3<\/em><\/a> (Daniel F. Galouye)<\/td><td>Monde simul\u00e9<\/td><\/tr><tr><td>1984<\/td><td>la matrice<\/td><td><a href=\"https:\/\/hyperbate.fr\/dernier\/?p=13459\"><em>La m\u00e9moire double<\/em><\/a> (Igor et Grichka Bogdanoff)<\/td><td>Village gersois simul\u00e9<\/td><\/tr><tr><td>1990<\/td><td>Convoi\u2122<\/td><td><a href=\"https:\/\/hyperbate.fr\/dernier\/?p=9515\" data-type=\"post\" data-id=\"9515\"><em>Les aventures de Karen Springwell<\/em><\/a>, bande dessin\u00e9e de Philippe Gauckler et Thierry Smolderen<\/td><td>Jeu massivement multi-joueurs<\/td><\/tr><tr><td>2010<\/td><td>divers enfers<\/td><td><a href=\"https:\/\/hyperbate.fr\/dernier\/?p=29372\"><em>Les enfers virtuels<\/em><\/a> (Iain M. Banks)<\/td><td>Mondes virtuels destin\u00e9s \u00e0 torturer \u00ab\u00a0l&rsquo;\u00e2me\u00a0\u00bb (le \u00ab\u00a0backup\u00a0\u00bb) des morts<\/td><\/tr><\/tbody><\/table><\/figure>\n","protected":false},"excerpt":{"rendered":"<p>Parmi les diverses lubies qui animent ce blog se trouve le recensement, qui se voudrait \u00e0 terme syst\u00e9matique, des ordinateurs et des intelligences artificielles notables ou notoires issus de fictions diverses : cin\u00e9ma ou litt\u00e9rature notamment. Les deux petits tableaux ci-dessous constituent un aide-m\u00e9moire contenant des liens vers les pages d\u00e9j\u00e0 cr\u00e9\u00e9es. La distinction ordinateurs\/intelligences [&hellip;]<\/p>\n","protected":false},"author":1,"featured_media":0,"parent":0,"menu_order":4,"comment_status":"open","ping_status":"closed","template":"","meta":{"footnotes":""},"class_list":["post-457","page","type-page","status-publish","hentry"],"_links":{"self":[{"href":"https:\/\/hyperbate.fr\/dernier\/index.php?rest_route=\/wp\/v2\/pages\/457","targetHints":{"allow":["GET"]}}],"collection":[{"href":"https:\/\/hyperbate.fr\/dernier\/index.php?rest_route=\/wp\/v2\/pages"}],"about":[{"href":"https:\/\/hyperbate.fr\/dernier\/index.php?rest_route=\/wp\/v2\/types\/page"}],"author":[{"embeddable":true,"href":"https:\/\/hyperbate.fr\/dernier\/index.php?rest_route=\/wp\/v2\/users\/1"}],"replies":[{"embeddable":true,"href":"https:\/\/hyperbate.fr\/dernier\/index.php?rest_route=%2Fwp%2Fv2%2Fcomments&post=457"}],"version-history":[{"count":3,"href":"https:\/\/hyperbate.fr\/dernier\/index.php?rest_route=\/wp\/v2\/pages\/457\/revisions"}],"predecessor-version":[{"id":44495,"href":"https:\/\/hyperbate.fr\/dernier\/index.php?rest_route=\/wp\/v2\/pages\/457\/revisions\/44495"}],"wp:attachment":[{"href":"https:\/\/hyperbate.fr\/dernier\/index.php?rest_route=%2Fwp%2Fv2%2Fmedia&parent=457"}],"curies":[{"name":"wp","href":"https:\/\/api.w.org\/{rel}","templated":true}]}}