{"id":2,"date":"2013-03-27T09:08:02","date_gmt":"2013-03-27T08:08:02","guid":{"rendered":"http:\/\/hyperbate.fr\/castagne\/?page_id=2"},"modified":"2017-04-27T10:14:58","modified_gmt":"2017-04-27T09:14:58","slug":"a_propos","status":"publish","type":"page","link":"https:\/\/hyperbate.fr\/castagne\/a_propos\/","title":{"rendered":"Castagne"},"content":{"rendered":"<p>De temps en temps, on a envie d&rsquo;en d\u00e9coudre.<\/p>\n<p>Tous les articles ont \u00e9t\u00e9 r\u00e9dig\u00e9s par Jean-No\u00ebl Lafargue, <a href=\"https:\/\/www.youtube.com\/watch?v=c0FGzHt08Y4\" target=\"_blank\" rel=\"noopener noreferrer\">enseignant en arts<\/a> et <a href=\"https:\/\/hyperbate.fr\/dernier\/?page_id=21682\" target=\"_blank\" rel=\"noopener noreferrer\">auteur de quelques livres ou articles<\/a>.\u00a0Blog plus sage : <a href=\"\/dernier\/\" target=\"_blank\" rel=\"noopener noreferrer\">Le dernier blog<\/a>.\u00a0Blog plus bord\u00e9lique : <a href=\"\/fatras\/\" target=\"_blank\" rel=\"noopener noreferrer\">Fatras<\/a>. Dessins <a href=\"https:\/\/www.instagram.com\/jnlafargue\/\" target=\"_blank\" rel=\"noopener noreferrer\">sur Instagram<\/a>. Conversation et actualit\u00e9 des publications\u00a0<a href=\"https:\/\/twitter.com\/Jean_no\" target=\"_blank\" rel=\"noopener noreferrer\">sur Twitter,<\/a>\u00a0<a href=\"https:\/\/mamot.fr\/@Jean_no\">Mastodon<\/a> et\u00a0<a href=\"https:\/\/www.facebook.com\/hyperbate\/\" target=\"_blank\" rel=\"noopener noreferrer\">Facebook<\/a>.<\/p>\n","protected":false},"excerpt":{"rendered":"<p>De temps en temps, on a envie d&rsquo;en d\u00e9coudre. Tous les articles ont \u00e9t\u00e9 r\u00e9dig\u00e9s par Jean-No\u00ebl Lafargue, enseignant en arts et auteur de quelques livres ou articles.\u00a0Blog plus sage : Le dernier blog.\u00a0Blog plus bord\u00e9lique : Fatras. Dessins sur Instagram. Conversation et actualit\u00e9 des publications\u00a0sur Twitter,\u00a0Mastodon et\u00a0Facebook.<\/p>\n","protected":false},"author":1,"featured_media":0,"parent":0,"menu_order":0,"comment_status":"open","ping_status":"closed","template":"","meta":{"footnotes":""},"class_list":["post-2","page","type-page","status-publish","hentry"],"_links":{"self":[{"href":"https:\/\/hyperbate.fr\/castagne\/wp-json\/wp\/v2\/pages\/2","targetHints":{"allow":["GET"]}}],"collection":[{"href":"https:\/\/hyperbate.fr\/castagne\/wp-json\/wp\/v2\/pages"}],"about":[{"href":"https:\/\/hyperbate.fr\/castagne\/wp-json\/wp\/v2\/types\/page"}],"author":[{"embeddable":true,"href":"https:\/\/hyperbate.fr\/castagne\/wp-json\/wp\/v2\/users\/1"}],"replies":[{"embeddable":true,"href":"https:\/\/hyperbate.fr\/castagne\/wp-json\/wp\/v2\/comments?post=2"}],"version-history":[{"count":3,"href":"https:\/\/hyperbate.fr\/castagne\/wp-json\/wp\/v2\/pages\/2\/revisions"}],"predecessor-version":[{"id":4966,"href":"https:\/\/hyperbate.fr\/castagne\/wp-json\/wp\/v2\/pages\/2\/revisions\/4966"}],"wp:attachment":[{"href":"https:\/\/hyperbate.fr\/castagne\/wp-json\/wp\/v2\/media?parent=2"}],"curies":[{"name":"wp","href":"https:\/\/api.w.org\/{rel}","templated":true}]}}