{"id":2,"date":"2024-03-09T20:38:45","date_gmt":"2024-03-09T19:38:45","guid":{"rendered":"https:\/\/hyperbate.fr\/artsoupe\/?page_id=2"},"modified":"2024-03-11T16:39:24","modified_gmt":"2024-03-11T15:39:24","slug":"page-d-exemple","status":"publish","type":"page","link":"https:\/\/hyperbate.fr\/artsoupe\/page-d-exemple\/","title":{"rendered":"La haine de l&rsquo;Art\u202f?"},"content":{"rendered":"\n<p>D\u00e9truire des \u0153uvres d&rsquo;art (ou mimer la destruction d&rsquo;\u0153uvres d&rsquo;art) est une activit\u00e9 sans doute aussi ancienne que l&rsquo;Art.<br>On peut noter de nombreuses motivations distinctes (et parfois combin\u00e9es) chez les perp\u00e9trateurs et perp\u00e9tratrices de ces gestes\u202f:<\/p>\n\n\n\n<p>\u2014 maladresse et autres dommages non intentionnels ou de bonne foi<br>\u2014 dommages collat\u00e9raux d&rsquo;un conflit<br>\u2014 destruction volontaire dans le but de meurtrir la personne qui poss\u00e8de l&rsquo;\u0153uvre<br>\u2014 instabilit\u00e9 mentale<br>\u2014 geste artistique<br>\u2014 protestation esth\u00e9tique<br>\u2014 protestation li\u00e9e au sujet de l&rsquo;\u0153uvre<br>\u2014 agression symbolique du sujet de l&rsquo;\u0153uvre<br>\u2014 recherche de publicit\u00e9 personnelle<br>\u2014 recherche de publicit\u00e9 pour une cause quelconque<\/p>\n\n\n\n<p>La mode r\u00e9cente des actions de communication politique recourant \u00e0 l&rsquo;agression d&rsquo;\u0153uvres dans des mus\u00e9es a \u00e9t\u00e9 l&rsquo;occasion de la cr\u00e9ation par Laurent Lolm\u00e8de d&rsquo;un groupe Facebook, <a href=\"https:\/\/www.facebook.com\/groups\/620974983148050\" data-type=\"link\" data-id=\"https:\/\/www.facebook.com\/groups\/620974983148050\"><em>ART TOO<\/em><\/a>, qui tient la chronique de ces activit\u00e9s, militantes ou non.<br>Puisqu&rsquo;il est dommage de r\u00e9server ce contenu aux seuls utilisateurs de Facebook, je m&rsquo;efforce de le doubler ici.<br>En me documentant, il n&rsquo;est pas rare que je tombe sur le blog <a href=\"https:\/\/art-damaged.tumblr.com\/\" data-type=\"link\" data-id=\"https:\/\/art-damaged.tumblr.com\/\" target=\"_blank\" rel=\"noreferrer noopener\">Art Damaged<\/a>, qui est une source importante, notamment iconographique.<\/p>\n\n\n\n<p class=\"has-text-align-right\">J.N.<\/p>\n\n\n\n<p><br><br><br><\/p>\n","protected":false},"excerpt":{"rendered":"<p>D\u00e9truire des \u0153uvres d&rsquo;art (ou mimer la destruction d&rsquo;\u0153uvres d&rsquo;art) est une activit\u00e9 sans doute aussi ancienne que l&rsquo;Art.On peut noter de nombreuses motivations distinctes (et parfois combin\u00e9es) chez les perp\u00e9trateurs et perp\u00e9tratrices de ces gestes\u202f: \u2014 maladresse et autres &hellip; <a href=\"https:\/\/hyperbate.fr\/artsoupe\/page-d-exemple\/\">Continuer la lecture <span class=\"meta-nav\">&rarr;<\/span><\/a><\/p>\n","protected":false},"author":1,"featured_media":0,"parent":0,"menu_order":0,"comment_status":"closed","ping_status":"open","template":"","meta":{"footnotes":""},"class_list":["post-2","page","type-page","status-publish","hentry"],"_links":{"self":[{"href":"https:\/\/hyperbate.fr\/artsoupe\/wp-json\/wp\/v2\/pages\/2","targetHints":{"allow":["GET"]}}],"collection":[{"href":"https:\/\/hyperbate.fr\/artsoupe\/wp-json\/wp\/v2\/pages"}],"about":[{"href":"https:\/\/hyperbate.fr\/artsoupe\/wp-json\/wp\/v2\/types\/page"}],"author":[{"embeddable":true,"href":"https:\/\/hyperbate.fr\/artsoupe\/wp-json\/wp\/v2\/users\/1"}],"replies":[{"embeddable":true,"href":"https:\/\/hyperbate.fr\/artsoupe\/wp-json\/wp\/v2\/comments?post=2"}],"version-history":[{"count":3,"href":"https:\/\/hyperbate.fr\/artsoupe\/wp-json\/wp\/v2\/pages\/2\/revisions"}],"predecessor-version":[{"id":577,"href":"https:\/\/hyperbate.fr\/artsoupe\/wp-json\/wp\/v2\/pages\/2\/revisions\/577"}],"wp:attachment":[{"href":"https:\/\/hyperbate.fr\/artsoupe\/wp-json\/wp\/v2\/media?parent=2"}],"curies":[{"name":"wp","href":"https:\/\/api.w.org\/{rel}","templated":true}]}}